{"id":306,"date":"2022-01-21T11:27:04","date_gmt":"2022-01-21T10:27:04","guid":{"rendered":"https:\/\/cadoxa.fr\/?page_id=306"},"modified":"2022-02-04T18:50:17","modified_gmt":"2022-02-04T17:50:17","slug":"prevoyance-travailleurs-non-salaries-tns","status":"publish","type":"page","link":"https:\/\/cadoxa.fr\/index.php\/prevoyance-travailleurs-non-salaries-tns\/","title":{"rendered":"Pr\u00e9voyance Travailleurs Non-Salari\u00e9s (TNS)"},"content":{"rendered":"<p>[et_pb_section fb_built=&#8221;1&#8243; admin_label=&#8221;Hero Section&#8221; _builder_version=&#8221;3.22&#8243; custom_padding=&#8221;0|0px|0px|0px&#8221; global_colors_info=&#8221;{}&#8221;][et_pb_row column_structure=&#8221;1_2,1_2&#8243; use_custom_gutter=&#8221;on&#8221; make_equal=&#8221;on&#8221; _builder_version=&#8221;4.13.1&#8243; width=&#8221;100%&#8221; max_width=&#8221;100%&#8221; custom_padding=&#8221;0px|0|0px|&#8221; use_custom_width=&#8221;on&#8221; width_unit=&#8221;off&#8221; custom_width_percent=&#8221;100%&#8221; global_colors_info=&#8221;{}&#8221;][et_pb_column type=&#8221;1_2&#8243; _builder_version=&#8221;3.25&#8243; custom_padding=&#8221;200px|4%|200px|8%&#8221; custom_padding_tablet=&#8221;60px|10%|60px|10%&#8221; custom_padding_phone=&#8221;60px|10%|60px|10%&#8221; custom_padding_last_edited=&#8221;on|tablet&#8221; global_colors_info=&#8221;{}&#8221; padding_tablet=&#8221;60px|10%|60px|10%&#8221; padding_last_edited=&#8221;on|tablet&#8221; custom_padding__hover=&#8221;|||&#8221; padding_phone=&#8221;60px|10%|60px|10%&#8221;][et_pb_text _builder_version=&#8221;4.13.1&#8243; text_font=&#8221;Karla||||||||&#8221; text_font_size=&#8221;18px&#8221; text_line_height=&#8221;1.8em&#8221; header_font=&#8221;Cormorant Garamond||||||||&#8221; header_font_size=&#8221;56px&#8221; header_line_height=&#8221;1.4em&#8221; header_2_font=&#8221;||||||||&#8221; header_3_font=&#8221;||||||||&#8221; max_width=&#8221;600px&#8221; custom_margin=&#8221;||48px|||&#8221; hover_enabled=&#8221;0&#8243; header_font_size_tablet=&#8221;40px&#8221; header_font_size_phone=&#8221;&#8221; header_font_size_last_edited=&#8221;on|tablet&#8221; locked=&#8221;off&#8221; global_colors_info=&#8221;{}&#8221; sticky_enabled=&#8221;0&#8243;]<\/p>\n<h1 class=\"p1\"><span class=\"s1\">Pr\u00e9voyance Travailleurs Non-Salari\u00e9s (TNS)<\/span><\/h1>\n<p><span class=\"s1\"><b><\/b><\/span><\/p>\n<p><span class=\"s1\"><b><\/b><\/span><\/p>\n<p class=\"p1\" style=\"text-align: justify;\">En tant que TNS (Artisans, Commer\u00e7ants, professions lib\u00e9rales\u2026) , vous ne b\u00e9n\u00e9ficiez pas des m\u00eames couvertures qu&#8217;un salari\u00e9. <strong>Un contrat de Pr\u00e9voyance<\/strong> d\u00e9di\u00e9 \u00e0 votre r\u00e9gime a pour principal objectif d\u2019apporter une v\u00e9ritable couverture de d\u00e9c\u00e8s, d\u2019invalidit\u00e9 (PTIA) et d\u2019arr\u00eat de travail (ITT) en cas d\u2019accident, d\u2019hospitalisation ou de maladie ; et qui peut s\u2019\u00e9tendre \u00e0 la rente conjoint, rente \u00e9ducation, frais g\u00e9n\u00e9raux\u2026<\/p>\n<p class=\"p1\" style=\"text-align: justify;\"><strong>Les Travailleurs Non-Salari\u00e9s<\/strong> n\u2019ont pas d\u2019obligation \u00e0 souscrire ce type de contrat. Toutefois, un contrat pr\u00e9voyance TNS est indispensable pour vous <strong>garantir un maintien de revenu<\/strong> satisfaisant en compl\u00e9tant les garanties de votre r\u00e9gime g\u00e9n\u00e9rale qui sont tr\u00e8s en dessous de vos r\u00e9alit\u00e9s quotidiennes.<span class=\"Apple-converted-space\">\u00a0<\/span><\/p>\n<p class=\"p1\" style=\"text-align: justify;\">Gr\u00e2ce au <strong>r\u00e9gime Madelin<\/strong> (en vigueur depuis 1994), en tant que TNS, vos garanties pr\u00e9voyances b\u00e9n\u00e9ficient d\u2019avantages fiscaux pour encore une fois vous rapprocher du r\u00e9gime salarial.<\/p>\n<p class=\"p1\" style=\"text-align: justify;\">Ainsi<strong> Cadoxa assurances<\/strong> vous propose une large gamme de solution pr\u00e9voyance (TNS), vous permettant s\u00e9curiser vous et vos proches des al\u00e9as de la vie au m\u00eame titre que pour les salari\u00e9s.<\/p>\n<p>[\/et_pb_text][et_pb_button button_url=&#8221;@ET-DC@eyJkeW5hbWljIjp0cnVlLCJjb250ZW50IjoicG9zdF9saW5rX3VybF9wYWdlIiwic2V0dGluZ3MiOnsicG9zdF9pZCI6Ijg3In19@&#8221; button_text=&#8221;Nous contacter&#8221; _builder_version=&#8221;4.13.1&#8243; _dynamic_attributes=&#8221;button_url&#8221; custom_button=&#8221;on&#8221; button_text_size=&#8221;13px&#8221; button_text_color=&#8221;#ffffff&#8221; button_bg_color=&#8221;#1c92a2&#8243; button_border_width=&#8221;2px&#8221; button_border_color=&#8221;#c2ab92&#8243; button_border_radius=&#8221;0px&#8221; button_letter_spacing=&#8221;2px&#8221; button_font=&#8221;Karla|700||on|||||&#8221; background_layout=&#8221;dark&#8221; custom_padding=&#8221;8px||10px|||&#8221; button_letter_spacing_hover=&#8221;2px&#8221; locked=&#8221;off&#8221; global_colors_info=&#8221;{}&#8221; button_text_size__hover_enabled=&#8221;off&#8221; button_one_text_size__hover_enabled=&#8221;off&#8221; button_two_text_size__hover_enabled=&#8221;off&#8221; button_text_color__hover_enabled=&#8221;off&#8221; button_one_text_color__hover_enabled=&#8221;off&#8221; button_two_text_color__hover_enabled=&#8221;off&#8221; button_border_width__hover_enabled=&#8221;off&#8221; button_one_border_width__hover_enabled=&#8221;off&#8221; button_two_border_width__hover_enabled=&#8221;off&#8221; button_border_color__hover_enabled=&#8221;off&#8221; button_one_border_color__hover_enabled=&#8221;off&#8221; button_two_border_color__hover_enabled=&#8221;off&#8221; button_border_radius__hover_enabled=&#8221;off&#8221; button_one_border_radius__hover_enabled=&#8221;off&#8221; button_two_border_radius__hover_enabled=&#8221;off&#8221; button_letter_spacing__hover_enabled=&#8221;on&#8221; button_letter_spacing__hover=&#8221;2px&#8221; button_one_letter_spacing__hover_enabled=&#8221;off&#8221; button_two_letter_spacing__hover_enabled=&#8221;off&#8221; button_bg_color__hover_enabled=&#8221;off&#8221; button_one_bg_color__hover_enabled=&#8221;off&#8221; button_two_bg_color__hover_enabled=&#8221;off&#8221;][\/et_pb_button][\/et_pb_column][et_pb_column type=&#8221;1_2&#8243; _builder_version=&#8221;4.13.1&#8243; background_color=&#8221;#121212&#8243; use_background_color_gradient=&#8221;on&#8221; background_color_gradient_start=&#8221;rgba(18,18,18,0.5)&#8221; background_color_gradient_end=&#8221;#121212&#8243; background_color_gradient_overlays_image=&#8221;on&#8221; background_image=&#8221;https:\/\/cadoxa.fr\/wp-content\/uploads\/2021\/11\/shutterstock_522883786-scaled-e1637143174432.jpeg&#8221; custom_padding=&#8221;100px||100px|&#8221; custom_padding_tablet=&#8221;60px||60px|&#8221; custom_padding_phone=&#8221;60px||60px|&#8221; custom_padding_last_edited=&#8221;on|desktop&#8221; global_colors_info=&#8221;{}&#8221; padding_tablet=&#8221;60px||60px|&#8221; padding_last_edited=&#8221;on|desktop&#8221; custom_padding__hover=&#8221;|||&#8221; padding_phone=&#8221;60px||60px|&#8221;][et_pb_image src=&#8221;https:\/\/cadoxa.fr\/wp-content\/uploads\/2021\/11\/shutterstock_522883786-scaled-e1637143174432.jpeg&#8221; title_text=&#8221;Group,Of,Businesspeople,Using,A,Digital,Tablet,Together,In,Front&#8221; align_tablet=&#8221;center&#8221; align_phone=&#8221;center&#8221; align_last_edited=&#8221;on|desktop&#8221; _builder_version=&#8221;4.13.1&#8243; max_width=&#8221;600px&#8221; max_width_tablet=&#8221;&#8221; max_width_phone=&#8221;&#8221; max_width_last_edited=&#8221;on|desktop&#8221; custom_margin=&#8221;|||-8%&#8221; custom_margin_tablet=&#8221;60px|60px|60px|60px&#8221; custom_margin_phone=&#8221;&#8221; custom_margin_last_edited=&#8221;on|desktop&#8221; custom_padding=&#8221;|||&#8221; animation_style=&#8221;slide&#8221; animation_direction=&#8221;right&#8221; animation_intensity_slide=&#8221;4%&#8221; animation_starting_opacity=&#8221;50%&#8221; box_shadow_style=&#8221;preset3&#8243; box_shadow_blur=&#8221;80px&#8221; global_colors_info=&#8221;{}&#8221;][\/et_pb_image][\/et_pb_column][\/et_pb_row][\/et_pb_section]<\/p>\n","protected":false},"excerpt":{"rendered":"<p>Pr\u00e9voyance Travailleurs Non-Salari\u00e9s (TNS) En tant que TNS (Artisans, Commer\u00e7ants, professions lib\u00e9rales\u2026) , vous ne b\u00e9n\u00e9ficiez pas des m\u00eames couvertures qu&#8217;un salari\u00e9. Un contrat de Pr\u00e9voyance d\u00e9di\u00e9 \u00e0 votre r\u00e9gime a pour principal objectif d\u2019apporter une v\u00e9ritable couverture de d\u00e9c\u00e8s, d\u2019invalidit\u00e9 (PTIA) et d\u2019arr\u00eat de travail (ITT) en cas d\u2019accident, d\u2019hospitalisation ou de maladie ; [&hellip;]<\/p>\n","protected":false},"author":3,"featured_media":0,"parent":0,"menu_order":0,"comment_status":"closed","ping_status":"closed","template":"","meta":{"_et_pb_use_builder":"on","_et_pb_old_content":"","_et_gb_content_width":"","footnotes":""},"_links":{"self":[{"href":"https:\/\/cadoxa.fr\/index.php\/wp-json\/wp\/v2\/pages\/306"}],"collection":[{"href":"https:\/\/cadoxa.fr\/index.php\/wp-json\/wp\/v2\/pages"}],"about":[{"href":"https:\/\/cadoxa.fr\/index.php\/wp-json\/wp\/v2\/types\/page"}],"author":[{"embeddable":true,"href":"https:\/\/cadoxa.fr\/index.php\/wp-json\/wp\/v2\/users\/3"}],"replies":[{"embeddable":true,"href":"https:\/\/cadoxa.fr\/index.php\/wp-json\/wp\/v2\/comments?post=306"}],"version-history":[{"count":6,"href":"https:\/\/cadoxa.fr\/index.php\/wp-json\/wp\/v2\/pages\/306\/revisions"}],"predecessor-version":[{"id":532,"href":"https:\/\/cadoxa.fr\/index.php\/wp-json\/wp\/v2\/pages\/306\/revisions\/532"}],"wp:attachment":[{"href":"https:\/\/cadoxa.fr\/index.php\/wp-json\/wp\/v2\/media?parent=306"}],"curies":[{"name":"wp","href":"https:\/\/api.w.org\/{rel}","templated":true}]}}