{"id":283,"date":"2022-01-20T22:55:38","date_gmt":"2022-01-20T21:55:38","guid":{"rendered":"https:\/\/cadoxa.fr\/?page_id=283"},"modified":"2022-02-04T18:31:45","modified_gmt":"2022-02-04T17:31:45","slug":"protection-juridique","status":"publish","type":"page","link":"https:\/\/cadoxa.fr\/index.php\/protection-juridique\/","title":{"rendered":"Protection juridique"},"content":{"rendered":"<p>[et_pb_section fb_built=&#8221;1&#8243; admin_label=&#8221;Hero Section&#8221; _builder_version=&#8221;3.22&#8243; custom_padding=&#8221;0|0px|0px|0px&#8221; global_colors_info=&#8221;{}&#8221;][et_pb_row column_structure=&#8221;1_2,1_2&#8243; use_custom_gutter=&#8221;on&#8221; make_equal=&#8221;on&#8221; _builder_version=&#8221;4.13.1&#8243; width=&#8221;100%&#8221; max_width=&#8221;100%&#8221; custom_padding=&#8221;0px|0|0px|&#8221; use_custom_width=&#8221;on&#8221; width_unit=&#8221;off&#8221; custom_width_percent=&#8221;100%&#8221; global_colors_info=&#8221;{}&#8221;][et_pb_column type=&#8221;1_2&#8243; _builder_version=&#8221;3.25&#8243; custom_padding=&#8221;200px|4%|200px|8%&#8221; custom_padding_tablet=&#8221;60px|10%|60px|10%&#8221; custom_padding_phone=&#8221;60px|10%|60px|10%&#8221; custom_padding_last_edited=&#8221;on|tablet&#8221; global_colors_info=&#8221;{}&#8221; padding_tablet=&#8221;60px|10%|60px|10%&#8221; padding_last_edited=&#8221;on|tablet&#8221; custom_padding__hover=&#8221;|||&#8221; padding_phone=&#8221;60px|10%|60px|10%&#8221;][et_pb_text _builder_version=&#8221;4.13.1&#8243; text_font=&#8221;Karla||||||||&#8221; text_font_size=&#8221;18px&#8221; text_line_height=&#8221;1.8em&#8221; header_font=&#8221;Cormorant Garamond||||||||&#8221; header_font_size=&#8221;56px&#8221; header_line_height=&#8221;1.4em&#8221; header_2_font=&#8221;||||||||&#8221; header_3_font=&#8221;||||||||&#8221; max_width=&#8221;600px&#8221; header_font_size_tablet=&#8221;40px&#8221; header_font_size_phone=&#8221;&#8221; header_font_size_last_edited=&#8221;on|tablet&#8221; locked=&#8221;off&#8221; global_colors_info=&#8221;{}&#8221;]<\/p>\n<h1 class=\"p1\"><span class=\"s1\">Protection juridique (PJ)<\/span><\/h1>\n<p><span class=\"s1\"><b><\/b><\/span><\/p>\n<p><span class=\"s1\"><\/span><\/p>\n<p class=\"p1\" style=\"text-align: justify;\">L&#8217;inflation des proc\u00e9dures et des recours judiciaires se poursuit et en tant que Professionnels ou dirigeants d\u2019entreprise, vous \u00eates confront\u00e9s \u00e0 un tr\u00e8s fort accroissement des litiges ou des mise en causes.<\/p>\n<p class=\"p1\" style=\"text-align: justify;\"><strong>Les conflits<\/strong> clients ou fournisseurs, <strong>la m\u00e9sentente<\/strong> avec votre bailleur ou toute autre\u00a0 personnes\u00a0 au prise avec votre soci\u00e9t\u00e9\u00a0 sont autant de sources de proc\u00e9dures potentielles.<span class=\"Apple-converted-space\">\u00a0<\/span><\/p>\n<p class=\"p1\" style=\"text-align: justify;\">Un contrat <strong>Protection Juridiqu<\/strong>e vous permet la prise en charge de la gestion de vos litiges et de vos besoins d\u2019information juridique.<span class=\"Apple-converted-space\">\u00a0<\/span><\/p>\n<p class=\"p2\" style=\"text-align: justify;\">En effet, vous b\u00e9n\u00e9ficiez\u00a0:<\/p>\n<ul class=\"ul1\" style=\"text-align: justify;\">\n<li class=\"li3\"><span class=\"s1\"><\/span><span class=\"s2\"><b>D&#8217;une assistance juridique t\u00e9l\u00e9phonique :<\/b> qui vous permet d\u2019interroger des professionnels sur toutes probl\u00e9matiques que vous rencontrez et vous permet de b\u00e9n\u00e9ficier de Conseils et d&#8217;accompagnements dans les d\u00e9marches \u00e0 mettre en place et dans la constitution de dossier en cas de d\u00e9claration de sinistre\u2026<\/span><\/li>\n<li class=\"li3\"><span class=\"s1\"><\/span><span class=\"s2\"><b>D&#8217;une gestion \u00e0 l\u2019amiable de vos litiges : <\/b>qui vous permet de tenter une r\u00e9solution amiable directement aupr\u00e8s du tiers avec lequel vous avez un conflit.<\/span><\/li>\n<li class=\"li3\"><span class=\"s1\"><\/span><span class=\"s2\"><b>D&#8217;une prise en charge des frais de proc\u00e9dure<\/b> : qui vous permet en cas de poursuite, la prise en charge des frais de proc\u00e9dure et d\u2019honoraires d\u2019avocat suivant les bar\u00e8mes en vigueur qui seront d\u00e9finis au cas par cas par les services de la compagnie.<span class=\"Apple-converted-space\">\u00a0<\/span><\/span><\/li>\n<\/ul>\n<p class=\"p2\" style=\"text-align: justify;\">Ces garanties de bases peuvent \u00eatre compl\u00e9t\u00e9es par un large panel d\u2019options : extension vie priv\u00e9e du dirigeants, protections fiscales, recouvrement impay\u00e9s, atteinte \u00e0 l\u2019image, E-r\u00e9putation, assistance Cyber, \u2026<\/p>\n<p class=\"p1\" style=\"text-align: justify;\">Attention, l\u2019\u00e9tendue d\u2019un contrat protection juridique peut diff\u00e9rer d\u2019une compagnie \u00e0 une autre (exclusions pr\u00e9vues aux Dispositions G\u00e9n\u00e9rales). Le champ d\u2019intervention doit \u00eatre d\u00e9fini \u00e0 la souscription en pr\u00e9cisant les options retenues.<\/p>\n<p class=\"p1\" style=\"text-align: justify;\"><strong>CADOXA Assurances<\/strong> vous accompagne dans la mise en place d\u2019une couverture adapt\u00e9e et compl\u00e8te de vos besoins.<\/p>\n<p>[\/et_pb_text][et_pb_button button_url=&#8221;@ET-DC@eyJkeW5hbWljIjp0cnVlLCJjb250ZW50IjoicG9zdF9saW5rX3VybF9wYWdlIiwic2V0dGluZ3MiOnsicG9zdF9pZCI6Ijg3In19@&#8221; button_text=&#8221;Nous contacter&#8221; _builder_version=&#8221;4.13.1&#8243; _dynamic_attributes=&#8221;button_url&#8221; custom_button=&#8221;on&#8221; button_text_size=&#8221;13px&#8221; button_text_color=&#8221;#ffffff&#8221; button_bg_color=&#8221;#1c92a2&#8243; button_border_width=&#8221;2px&#8221; button_border_color=&#8221;#c2ab92&#8243; button_border_radius=&#8221;0px&#8221; button_letter_spacing=&#8221;2px&#8221; button_font=&#8221;Karla|700||on|||||&#8221; background_layout=&#8221;dark&#8221; custom_padding=&#8221;10px||10px|&#8221; button_letter_spacing_hover=&#8221;2px&#8221; locked=&#8221;off&#8221; global_colors_info=&#8221;{}&#8221; button_text_size__hover_enabled=&#8221;off&#8221; button_one_text_size__hover_enabled=&#8221;off&#8221; button_two_text_size__hover_enabled=&#8221;off&#8221; button_text_color__hover_enabled=&#8221;off&#8221; button_one_text_color__hover_enabled=&#8221;off&#8221; button_two_text_color__hover_enabled=&#8221;off&#8221; button_border_width__hover_enabled=&#8221;off&#8221; button_one_border_width__hover_enabled=&#8221;off&#8221; button_two_border_width__hover_enabled=&#8221;off&#8221; button_border_color__hover_enabled=&#8221;off&#8221; button_one_border_color__hover_enabled=&#8221;off&#8221; button_two_border_color__hover_enabled=&#8221;off&#8221; button_border_radius__hover_enabled=&#8221;off&#8221; button_one_border_radius__hover_enabled=&#8221;off&#8221; button_two_border_radius__hover_enabled=&#8221;off&#8221; button_letter_spacing__hover_enabled=&#8221;on&#8221; button_letter_spacing__hover=&#8221;2px&#8221; button_one_letter_spacing__hover_enabled=&#8221;off&#8221; button_two_letter_spacing__hover_enabled=&#8221;off&#8221; button_bg_color__hover_enabled=&#8221;off&#8221; button_one_bg_color__hover_enabled=&#8221;off&#8221; button_two_bg_color__hover_enabled=&#8221;off&#8221;][\/et_pb_button][\/et_pb_column][et_pb_column type=&#8221;1_2&#8243; _builder_version=&#8221;4.13.1&#8243; background_color=&#8221;#121212&#8243; use_background_color_gradient=&#8221;on&#8221; background_color_gradient_start=&#8221;rgba(18,18,18,0.5)&#8221; background_color_gradient_end=&#8221;#121212&#8243; background_color_gradient_overlays_image=&#8221;on&#8221; background_image=&#8221;https:\/\/cadoxa.fr\/wp-content\/uploads\/2022\/01\/right-g9fa277e0c_1920.jpeg&#8221; custom_padding=&#8221;100px||100px|&#8221; custom_padding_tablet=&#8221;60px||60px|&#8221; custom_padding_phone=&#8221;60px||60px|&#8221; custom_padding_last_edited=&#8221;on|desktop&#8221; global_colors_info=&#8221;{}&#8221; padding_tablet=&#8221;60px||60px|&#8221; padding_last_edited=&#8221;on|desktop&#8221; custom_padding__hover=&#8221;|||&#8221; padding_phone=&#8221;60px||60px|&#8221;][et_pb_image src=&#8221;https:\/\/cadoxa.fr\/wp-content\/uploads\/2022\/01\/right-g9fa277e0c_1920.jpeg&#8221; title_text=&#8221;right-g9fa277e0c_1920&#8243; align_tablet=&#8221;center&#8221; align_phone=&#8221;center&#8221; align_last_edited=&#8221;on|desktop&#8221; _builder_version=&#8221;4.13.1&#8243; max_width=&#8221;600px&#8221; max_width_tablet=&#8221;&#8221; max_width_phone=&#8221;&#8221; max_width_last_edited=&#8221;on|desktop&#8221; custom_margin=&#8221;|||-8%&#8221; custom_margin_tablet=&#8221;60px|60px|60px|60px&#8221; custom_margin_phone=&#8221;&#8221; custom_margin_last_edited=&#8221;on|desktop&#8221; custom_padding=&#8221;|||&#8221; animation_style=&#8221;slide&#8221; animation_direction=&#8221;right&#8221; animation_intensity_slide=&#8221;4%&#8221; animation_starting_opacity=&#8221;50%&#8221; box_shadow_style=&#8221;preset3&#8243; box_shadow_blur=&#8221;80px&#8221; global_colors_info=&#8221;{}&#8221;][\/et_pb_image][\/et_pb_column][\/et_pb_row][\/et_pb_section]<\/p>\n","protected":false},"excerpt":{"rendered":"<p>Protection juridique (PJ) L&#8217;inflation des proc\u00e9dures et des recours judiciaires se poursuit et en tant que Professionnels ou dirigeants d\u2019entreprise, vous \u00eates confront\u00e9s \u00e0 un tr\u00e8s fort accroissement des litiges ou des mise en causes. Les conflits clients ou fournisseurs, la m\u00e9sentente avec votre bailleur ou toute autre\u00a0 personnes\u00a0 au prise avec votre soci\u00e9t\u00e9\u00a0 sont [&hellip;]<\/p>\n","protected":false},"author":3,"featured_media":0,"parent":0,"menu_order":0,"comment_status":"closed","ping_status":"closed","template":"","meta":{"_et_pb_use_builder":"on","_et_pb_old_content":"","_et_gb_content_width":"","footnotes":""},"_links":{"self":[{"href":"https:\/\/cadoxa.fr\/index.php\/wp-json\/wp\/v2\/pages\/283"}],"collection":[{"href":"https:\/\/cadoxa.fr\/index.php\/wp-json\/wp\/v2\/pages"}],"about":[{"href":"https:\/\/cadoxa.fr\/index.php\/wp-json\/wp\/v2\/types\/page"}],"author":[{"embeddable":true,"href":"https:\/\/cadoxa.fr\/index.php\/wp-json\/wp\/v2\/users\/3"}],"replies":[{"embeddable":true,"href":"https:\/\/cadoxa.fr\/index.php\/wp-json\/wp\/v2\/comments?post=283"}],"version-history":[{"count":9,"href":"https:\/\/cadoxa.fr\/index.php\/wp-json\/wp\/v2\/pages\/283\/revisions"}],"predecessor-version":[{"id":522,"href":"https:\/\/cadoxa.fr\/index.php\/wp-json\/wp\/v2\/pages\/283\/revisions\/522"}],"wp:attachment":[{"href":"https:\/\/cadoxa.fr\/index.php\/wp-json\/wp\/v2\/media?parent=283"}],"curies":[{"name":"wp","href":"https:\/\/api.w.org\/{rel}","templated":true}]}}