{"id":276,"date":"2022-01-20T22:52:14","date_gmt":"2022-01-20T21:52:14","guid":{"rendered":"https:\/\/cadoxa.fr\/?page_id=276"},"modified":"2022-02-04T18:16:39","modified_gmt":"2022-02-04T17:16:39","slug":"auto-mission-collaborateur","status":"publish","type":"page","link":"https:\/\/cadoxa.fr\/index.php\/auto-mission-collaborateur\/","title":{"rendered":"Auto-mission Collaborateur"},"content":{"rendered":"<p>[et_pb_section fb_built=&#8221;1&#8243; admin_label=&#8221;Hero Section&#8221; _builder_version=&#8221;3.22&#8243; custom_padding=&#8221;0|0px|0px|0px&#8221; global_colors_info=&#8221;{}&#8221;][et_pb_row column_structure=&#8221;1_2,1_2&#8243; use_custom_gutter=&#8221;on&#8221; make_equal=&#8221;on&#8221; _builder_version=&#8221;4.13.1&#8243; width=&#8221;100%&#8221; max_width=&#8221;100%&#8221; custom_padding=&#8221;0px|0|0px|&#8221; use_custom_width=&#8221;on&#8221; width_unit=&#8221;off&#8221; custom_width_percent=&#8221;100%&#8221; global_colors_info=&#8221;{}&#8221;][et_pb_column type=&#8221;1_2&#8243; _builder_version=&#8221;3.25&#8243; custom_padding=&#8221;200px|4%|200px|8%&#8221; custom_padding_tablet=&#8221;60px|10%|60px|10%&#8221; custom_padding_phone=&#8221;60px|10%|60px|10%&#8221; custom_padding_last_edited=&#8221;on|tablet&#8221; global_colors_info=&#8221;{}&#8221; padding_tablet=&#8221;60px|10%|60px|10%&#8221; padding_last_edited=&#8221;on|tablet&#8221; custom_padding__hover=&#8221;|||&#8221; padding_phone=&#8221;60px|10%|60px|10%&#8221;][et_pb_text _builder_version=&#8221;4.13.1&#8243; text_font=&#8221;Karla||||||||&#8221; text_font_size=&#8221;18px&#8221; text_line_height=&#8221;1.8em&#8221; header_font=&#8221;Cormorant Garamond||||||||&#8221; header_font_size=&#8221;56px&#8221; header_line_height=&#8221;1.4em&#8221; header_2_font=&#8221;||||||||&#8221; header_3_font=&#8221;||||||||&#8221; max_width=&#8221;600px&#8221; header_font_size_tablet=&#8221;40px&#8221; header_font_size_phone=&#8221;&#8221; header_font_size_last_edited=&#8221;on|tablet&#8221; locked=&#8221;off&#8221; global_colors_info=&#8221;{}&#8221;]<\/p>\n<h1 class=\"p1\"><span class=\"s1\">Auto-mission Collaborateur<\/span><\/h1>\n<p><span class=\"s1\"><b><\/b><\/span><\/p>\n<p class=\"p1\" style=\"text-align: justify;\">Dans le cadre de leur activit\u00e9, vos collaborateurs peuvent \u00eatre amen\u00e9s \u00e0 remplir des t\u00e2ches <strong>en utilisant leur v\u00e9hicule personnel<\/strong> (aller en client\u00e8le, se rendre chez un fournisseur, d\u00e9poser un pli \u00e0 la poste\u2026)<\/p>\n<p class=\"p1\" style=\"text-align: justify;\">Malgr\u00e9 leur apparente l\u00e9g\u00e8ret\u00e9, l&#8217;ensemble de ces d\u00e9placements professionnels <strong>ne sont pourtant pas couverts par l\u2019assurance<\/strong> de vos salari\u00e9s qui se limite\u00a0 au seul trajet domicile-travail. En tant que dirigeant, c\u2019est <strong>votre responsabilit\u00e9<\/strong> qui est alors engag\u00e9e.<span class=\"Apple-converted-space\">\u00a0<\/span><\/p>\n<p class=\"p1\" style=\"text-align: justify;\">Afin de vous pr\u00e9munir de ce type de risque, nous vous recommandons le contrat Auto-Mission.<\/p>\n<p class=\"p1\" style=\"text-align: justify;\">En effet, <strong>l\u2019Auto-Mission<\/strong> couvre tous les \u00e9v\u00e9nements pouvant survenir lors de l\u2019utilisation du v\u00e9hicule d\u2019un de vos collaborateurs \u00e0 des fins professionnelles.<\/p>\n<p class=\"p2\" style=\"text-align: justify;\">Cette assurance permet de garantir \u00e0 la fois<span class=\"Apple-converted-space\">\u00a0<\/span><\/p>\n<ul class=\"ul1\" style=\"text-align: justify;\">\n<li class=\"li3\"><span class=\"s1\"><\/span><span class=\"s2\"><strong>La responsabilit\u00e9 civile<\/strong> de vos collaborateurs au cours de leurs missions,<\/span><\/li>\n<li class=\"li3\"><span class=\"s1\"><\/span><span class=\"s2\"><strong>Les dommages \u00e0 leurs v\u00e9hicules<\/strong>, pour donner suite \u00e0 un accident de circulation par exemple.<\/span><\/li>\n<\/ul>\n<p class=\"p1\" style=\"text-align: justify;\">Il est important de comprendre que ce contrat n\u2019est pas une simple option de garantie. En cas de d\u00e9faut d\u2019assurance, c\u2019est votre responsabilit\u00e9 de dirigeant qui est engag\u00e9e et non celle de l\u2019entreprise. En cas de sinistre c\u2019est la faute inexcusable de l\u2019employeur qui peut \u00eatre recherch\u00e9e.<\/p>\n<p class=\"p2\" style=\"text-align: justify;\"><strong>Cadoxa Assurances<\/strong> vous propose de s\u00e9curiser vos salari\u00e9s, vous-m\u00eame et par cons\u00e9quent votre entreprise en mettant en place un contrat SIMPLE qui couvre\u00a0:<\/p>\n<ul class=\"ul1\" style=\"text-align: justify;\">\n<li class=\"li3\"><span class=\"s2\">Tous les dommages subis par vos collaborateurs et leur v\u00e9hicule personnel en usage professionnel,<span class=\"Apple-converted-space\">\u00a0<\/span><\/span><\/li>\n<li class=\"li3\"><span class=\"s2\">Pas de d\u00e9claration pr\u00e9alable,<span class=\"Apple-converted-space\">\u00a0<\/span><\/span><\/li>\n<li class=\"li3\"><span class=\"s2\">Pas de d\u00e9nomination des missions,<\/span><\/li>\n<li class=\"li3\"><span class=\"s2\">Options compl\u00e9mentaires sur demande\u2026<\/span><\/li>\n<\/ul>\n<p class=\"p1\" style=\"text-align: justify;\">Vous optez \u00e0 la souscription pour un kilom\u00e9trage annuel pr\u00e9visionnel et chaque ann\u00e9e \u00e0 l\u2019\u00e9ch\u00e9ance vous n&#8217;aurez qu&#8217;\u00e0 nous communiquer une d\u00e9claration des kilom\u00e8tres parcourus.<\/p>\n<p>[\/et_pb_text][et_pb_button button_url=&#8221;@ET-DC@eyJkeW5hbWljIjp0cnVlLCJjb250ZW50IjoicG9zdF9saW5rX3VybF9wYWdlIiwic2V0dGluZ3MiOnsicG9zdF9pZCI6Ijg3In19@&#8221; button_text=&#8221;Nous contacter&#8221; _builder_version=&#8221;4.13.1&#8243; _dynamic_attributes=&#8221;button_url&#8221; custom_button=&#8221;on&#8221; button_text_size=&#8221;13px&#8221; button_text_color=&#8221;#ffffff&#8221; button_bg_color=&#8221;#1c92a2&#8243; button_border_width=&#8221;2px&#8221; button_border_color=&#8221;#c2ab92&#8243; button_border_radius=&#8221;0px&#8221; button_letter_spacing=&#8221;2px&#8221; button_font=&#8221;Karla|700||on|||||&#8221; background_layout=&#8221;dark&#8221; custom_padding=&#8221;10px||10px|&#8221; button_letter_spacing_hover=&#8221;2px&#8221; locked=&#8221;off&#8221; global_colors_info=&#8221;{}&#8221; button_text_size__hover_enabled=&#8221;off&#8221; button_one_text_size__hover_enabled=&#8221;off&#8221; button_two_text_size__hover_enabled=&#8221;off&#8221; button_text_color__hover_enabled=&#8221;off&#8221; button_one_text_color__hover_enabled=&#8221;off&#8221; button_two_text_color__hover_enabled=&#8221;off&#8221; button_border_width__hover_enabled=&#8221;off&#8221; button_one_border_width__hover_enabled=&#8221;off&#8221; button_two_border_width__hover_enabled=&#8221;off&#8221; button_border_color__hover_enabled=&#8221;off&#8221; button_one_border_color__hover_enabled=&#8221;off&#8221; button_two_border_color__hover_enabled=&#8221;off&#8221; button_border_radius__hover_enabled=&#8221;off&#8221; button_one_border_radius__hover_enabled=&#8221;off&#8221; button_two_border_radius__hover_enabled=&#8221;off&#8221; button_letter_spacing__hover_enabled=&#8221;on&#8221; button_letter_spacing__hover=&#8221;2px&#8221; button_one_letter_spacing__hover_enabled=&#8221;off&#8221; button_two_letter_spacing__hover_enabled=&#8221;off&#8221; button_bg_color__hover_enabled=&#8221;off&#8221; button_one_bg_color__hover_enabled=&#8221;off&#8221; button_two_bg_color__hover_enabled=&#8221;off&#8221;][\/et_pb_button][\/et_pb_column][et_pb_column type=&#8221;1_2&#8243; _builder_version=&#8221;4.13.1&#8243; background_color=&#8221;#121212&#8243; use_background_color_gradient=&#8221;on&#8221; background_color_gradient_start=&#8221;rgba(18,18,18,0.5)&#8221; background_color_gradient_end=&#8221;#121212&#8243; background_color_gradient_overlays_image=&#8221;on&#8221; background_image=&#8221;https:\/\/cadoxa.fr\/wp-content\/uploads\/2022\/01\/shutterstock_704365318-scaled.jpeg&#8221; custom_padding=&#8221;100px||100px|&#8221; custom_padding_tablet=&#8221;60px||60px|&#8221; custom_padding_phone=&#8221;60px||60px|&#8221; custom_padding_last_edited=&#8221;on|desktop&#8221; global_colors_info=&#8221;{}&#8221; padding_tablet=&#8221;60px||60px|&#8221; padding_last_edited=&#8221;on|desktop&#8221; custom_padding__hover=&#8221;|||&#8221; padding_phone=&#8221;60px||60px|&#8221;][et_pb_image src=&#8221;https:\/\/cadoxa.fr\/wp-content\/uploads\/2022\/01\/shutterstock_704365318-scaled.jpeg&#8221; title_text=&#8221;Traffic,Jam,,Driving,Car,On,Highway,,Close,Up,Of,Hands&#8221; align_tablet=&#8221;center&#8221; align_phone=&#8221;center&#8221; align_last_edited=&#8221;on|desktop&#8221; _builder_version=&#8221;4.13.1&#8243; max_width=&#8221;600px&#8221; max_width_tablet=&#8221;&#8221; max_width_phone=&#8221;&#8221; max_width_last_edited=&#8221;on|desktop&#8221; custom_margin=&#8221;|||-8%&#8221; custom_margin_tablet=&#8221;60px|60px|60px|60px&#8221; custom_margin_phone=&#8221;&#8221; custom_margin_last_edited=&#8221;on|desktop&#8221; custom_padding=&#8221;|||&#8221; animation_style=&#8221;slide&#8221; animation_direction=&#8221;right&#8221; animation_intensity_slide=&#8221;4%&#8221; animation_starting_opacity=&#8221;50%&#8221; box_shadow_style=&#8221;preset3&#8243; box_shadow_blur=&#8221;80px&#8221; global_colors_info=&#8221;{}&#8221;][\/et_pb_image][\/et_pb_column][\/et_pb_row][\/et_pb_section]<\/p>\n","protected":false},"excerpt":{"rendered":"<p>Auto-mission Collaborateur Dans le cadre de leur activit\u00e9, vos collaborateurs peuvent \u00eatre amen\u00e9s \u00e0 remplir des t\u00e2ches en utilisant leur v\u00e9hicule personnel (aller en client\u00e8le, se rendre chez un fournisseur, d\u00e9poser un pli \u00e0 la poste\u2026) Malgr\u00e9 leur apparente l\u00e9g\u00e8ret\u00e9, l&#8217;ensemble de ces d\u00e9placements professionnels ne sont pourtant pas couverts par l\u2019assurance de vos salari\u00e9s [&hellip;]<\/p>\n","protected":false},"author":3,"featured_media":0,"parent":0,"menu_order":0,"comment_status":"closed","ping_status":"closed","template":"","meta":{"_et_pb_use_builder":"on","_et_pb_old_content":"","_et_gb_content_width":"","footnotes":""},"_links":{"self":[{"href":"https:\/\/cadoxa.fr\/index.php\/wp-json\/wp\/v2\/pages\/276"}],"collection":[{"href":"https:\/\/cadoxa.fr\/index.php\/wp-json\/wp\/v2\/pages"}],"about":[{"href":"https:\/\/cadoxa.fr\/index.php\/wp-json\/wp\/v2\/types\/page"}],"author":[{"embeddable":true,"href":"https:\/\/cadoxa.fr\/index.php\/wp-json\/wp\/v2\/users\/3"}],"replies":[{"embeddable":true,"href":"https:\/\/cadoxa.fr\/index.php\/wp-json\/wp\/v2\/comments?post=276"}],"version-history":[{"count":8,"href":"https:\/\/cadoxa.fr\/index.php\/wp-json\/wp\/v2\/pages\/276\/revisions"}],"predecessor-version":[{"id":512,"href":"https:\/\/cadoxa.fr\/index.php\/wp-json\/wp\/v2\/pages\/276\/revisions\/512"}],"wp:attachment":[{"href":"https:\/\/cadoxa.fr\/index.php\/wp-json\/wp\/v2\/media?parent=276"}],"curies":[{"name":"wp","href":"https:\/\/api.w.org\/{rel}","templated":true}]}}