{"id":159,"date":"2021-12-07T22:05:47","date_gmt":"2021-12-07T21:05:47","guid":{"rendered":"http:\/\/cadoxa.fr\/CA271-OVH\/?page_id=159"},"modified":"2022-02-04T18:31:08","modified_gmt":"2022-02-04T17:31:08","slug":"rcs","status":"publish","type":"page","link":"https:\/\/cadoxa.fr\/index.php\/rcs\/","title":{"rendered":"RCS"},"content":{"rendered":"<p>[et_pb_section fb_built=&#8221;1&#8243; admin_label=&#8221;Hero Section&#8221; _builder_version=&#8221;3.22&#8243; custom_padding=&#8221;0|0px|0px|0px&#8221; global_colors_info=&#8221;{}&#8221;][et_pb_row column_structure=&#8221;1_2,1_2&#8243; use_custom_gutter=&#8221;on&#8221; make_equal=&#8221;on&#8221; _builder_version=&#8221;4.13.1&#8243; width=&#8221;100%&#8221; max_width=&#8221;100%&#8221; custom_padding=&#8221;0px|0|0px|&#8221; use_custom_width=&#8221;on&#8221; width_unit=&#8221;off&#8221; custom_width_percent=&#8221;100%&#8221; global_colors_info=&#8221;{}&#8221;][et_pb_column type=&#8221;1_2&#8243; _builder_version=&#8221;3.25&#8243; custom_padding=&#8221;200px|4%|200px|8%&#8221; custom_padding_tablet=&#8221;60px|10%|60px|10%&#8221; custom_padding_phone=&#8221;60px|10%|60px|10%&#8221; custom_padding_last_edited=&#8221;on|tablet&#8221; global_colors_info=&#8221;{}&#8221; padding_tablet=&#8221;60px|10%|60px|10%&#8221; padding_last_edited=&#8221;on|tablet&#8221; custom_padding__hover=&#8221;|||&#8221; padding_phone=&#8221;60px|10%|60px|10%&#8221;][et_pb_text _builder_version=&#8221;4.13.1&#8243; text_font=&#8221;Karla||||||||&#8221; text_font_size=&#8221;18px&#8221; text_line_height=&#8221;1.8em&#8221; header_font=&#8221;Cormorant Garamond||||||||&#8221; header_font_size=&#8221;56px&#8221; header_line_height=&#8221;1.4em&#8221; header_2_font=&#8221;||||||||&#8221; header_3_font=&#8221;||||||||&#8221; max_width=&#8221;600px&#8221; hover_enabled=&#8221;0&#8243; header_font_size_tablet=&#8221;40px&#8221; header_font_size_phone=&#8221;&#8221; header_font_size_last_edited=&#8221;on|tablet&#8221; locked=&#8221;off&#8221; global_colors_info=&#8221;{}&#8221; sticky_enabled=&#8221;0&#8243;]<\/p>\n<h1>Responsabilit\u00e9 Civile des Risques Sociaux (RCS)<\/h1>\n<p>&nbsp;<\/p>\n<p><b><\/b><\/p>\n<p class=\"p1\" style=\"text-align: justify;\"><strong>La responsabilit\u00e9 civile des risques sociaux<\/strong> couvre votre soci\u00e9t\u00e9 ainsi que de tous ses dirigeants, salari\u00e9s ou non et tous les employ\u00e9s dans le cadre de <b>conflits sociaux<\/b>.<\/p>\n<p class=\"p1\" style=\"text-align: justify;\">Discrimination, harc\u00e8lement moral et sexuel, licenciement sans cause r\u00e9elle et s\u00e9rieuse ou abusif sont le quotidien des conseils de prud\u2019hommes et deviennent un v\u00e9ritable cauchemar pour les entreprises.<span class=\"Apple-converted-space\">\u00a0<\/span><\/p>\n<p class=\"p1\" style=\"text-align: justify;\">Les <b>contentieux<\/b> sont fr\u00e9quents et les <b>dommages-int\u00e9r\u00eats octroy\u00e9s<\/b> aux plaignants augmentent, ce qui peut compromettre s\u00e9rieusement l\u2019\u00e9quilibre financier des PME-PMI.<span class=\"Apple-converted-space\">\u00a0<\/span><\/p>\n<p class=\"p1\" style=\"text-align: justify;\">De plus, les <b>obligations en mati\u00e8re de s\u00e9curit\u00e9 et<\/b> <b>de pr\u00e9vention<\/b> deviennent de plus en plus lourdes et difficiles \u00e0 mettre en \u0153uvre, rendant les PME-PMI plus vuln\u00e9rables face au risque de mise en cause par les salari\u00e9s, la plupart du temps, par manque d\u2019expertise.<\/p>\n<p class=\"p1\" style=\"text-align: justify;\">Ainsi, entre dans le champ de cette garantie, toute mise en jeu de la responsabilit\u00e9 civile d\u2019un des assur\u00e9s en raison de toute violation de disposition sociale, notamment les recours prudhommaux.<\/p>\n<p class=\"p2\" style=\"text-align: justify;\">Il s\u2019agit de la violation de toute r\u00e9glementation applicable aux relations de travail au sein de l\u2019entreprise, quelles que soient les sources de cette r\u00e9glementation :<\/p>\n<ul>\n<li class=\"p2\" style=\"text-align: justify;\">Toutes formes de <b>discrimination<\/b> (raciale, syndicale etc.)<\/li>\n<li class=\"p2\" style=\"text-align: justify;\">Toutes formes de <b>harc\u00e8lement <\/b>(moral, sexuel etc.)<\/li>\n<li class=\"p2\" style=\"text-align: justify;\">Tout <b>licenciement<\/b> abusif sans cause r\u00e9elle et s\u00e9rieuse.<\/li>\n<\/ul>\n<p class=\"p3\" style=\"text-align: justify;\"><b><\/b><\/p>\n<p class=\"p2\" style=\"text-align: justify;\"><b>Qui est assur\u00e9 ?<\/b><\/p>\n<ul>\n<li class=\"p2\" style=\"text-align: justify;\">La personne morale employeur,<\/li>\n<li class=\"p2\" style=\"text-align: justify;\">Son dirigeant personne physique,<\/li>\n<li class=\"p2\" style=\"text-align: justify;\">Les employ\u00e9s.<\/li>\n<\/ul>\n<p class=\"p3\" style=\"text-align: justify;\"><b><\/b><\/p>\n<p class=\"p2\" style=\"text-align: justify;\"><b>Que garantit la Responsabilit\u00e9 Civile des Risques Sociaux ?<\/b><\/p>\n<ul>\n<li class=\"p2\" style=\"text-align: justify;\">Prise en charge des frais de d\u00e9fense,<\/li>\n<li class=\"p2\" style=\"text-align: justify;\"><span class=\"s1\"><\/span>R\u00e8glements des \u00ab cons\u00e9quences p\u00e9cuniaires \u00bb au sens du contrat (les dommages &amp; int\u00e9r\u00eats).<\/li>\n<\/ul>\n<ul class=\"ul1\" style=\"text-align: justify;\"><\/ul>\n<p class=\"p3\" style=\"text-align: justify;\"><b style=\"font-size: 18px;\">Quelles garanties additionnelles ?\u00a0<\/b><b><\/b><\/p>\n<ul class=\"ul1\" style=\"text-align: justify;\">\n<li class=\"li2\">Service d\u2019information juridique pour les employeurs dans les domaines du droit social, p\u00e9nal et commercial,<\/li>\n<li class=\"li2\">Prise en charge des frais et d\u00e9penses en vue de pr\u00e9venir ou r\u00e9parer une atteinte \u00e0 la r\u00e9putation subie suite \u00e0 la commission d\u2019une violation sociale,<\/li>\n<li class=\"li2\">Prise en charge des frais d\u2019enqu\u00eateur priv\u00e9 en vue d\u2019\u00e9claircir les faits et circonstances de la violation sociale,<\/li>\n<li class=\"li2\">Prise en charge des honoraires engag\u00e9s aupr\u00e8s de tout cabinet de recrutement pour remplacer un dirigeant de droit,<\/li>\n<li class=\"li2\">Frais et d\u00e9penses engag\u00e9s pour avoir recours \u00e0 un m\u00e9diateur priv\u00e9.<\/li>\n<\/ul>\n<p class=\"p2\" style=\"text-align: justify;\"><b>Cadoxa Asurances<\/b> vous propose une solution adapt\u00e9e \u00e0 vos risques sociaux afin de limiter les cons\u00e9quences financi\u00e8res et d\u2019atteintes \u00e0 votre r\u00e9putation qui peuvent mettre en difficult\u00e9 votre entreprise.<\/p>\n<p>[\/et_pb_text][et_pb_button button_url=&#8221;@ET-DC@eyJkeW5hbWljIjp0cnVlLCJjb250ZW50IjoicG9zdF9saW5rX3VybF9wYWdlIiwic2V0dGluZ3MiOnsicG9zdF9pZCI6Ijg3In19@&#8221; button_text=&#8221;Nous contacter&#8221; _builder_version=&#8221;4.13.1&#8243; _dynamic_attributes=&#8221;button_url&#8221; custom_button=&#8221;on&#8221; button_text_size=&#8221;13px&#8221; button_text_color=&#8221;#ffffff&#8221; button_bg_color=&#8221;#1c92a2&#8243; button_border_width=&#8221;2px&#8221; button_border_color=&#8221;#c2ab92&#8243; button_border_radius=&#8221;0px&#8221; button_letter_spacing=&#8221;2px&#8221; button_font=&#8221;Karla|700||on|||||&#8221; background_layout=&#8221;dark&#8221; custom_padding=&#8221;10px||10px|&#8221; button_letter_spacing_hover=&#8221;2px&#8221; locked=&#8221;off&#8221; global_colors_info=&#8221;{}&#8221; button_text_size__hover_enabled=&#8221;off&#8221; button_one_text_size__hover_enabled=&#8221;off&#8221; button_two_text_size__hover_enabled=&#8221;off&#8221; button_text_color__hover_enabled=&#8221;off&#8221; button_one_text_color__hover_enabled=&#8221;off&#8221; button_two_text_color__hover_enabled=&#8221;off&#8221; button_border_width__hover_enabled=&#8221;off&#8221; button_one_border_width__hover_enabled=&#8221;off&#8221; button_two_border_width__hover_enabled=&#8221;off&#8221; button_border_color__hover_enabled=&#8221;off&#8221; button_one_border_color__hover_enabled=&#8221;off&#8221; button_two_border_color__hover_enabled=&#8221;off&#8221; button_border_radius__hover_enabled=&#8221;off&#8221; button_one_border_radius__hover_enabled=&#8221;off&#8221; button_two_border_radius__hover_enabled=&#8221;off&#8221; button_letter_spacing__hover_enabled=&#8221;on&#8221; button_letter_spacing__hover=&#8221;2px&#8221; button_one_letter_spacing__hover_enabled=&#8221;off&#8221; button_two_letter_spacing__hover_enabled=&#8221;off&#8221; button_bg_color__hover_enabled=&#8221;off&#8221; button_one_bg_color__hover_enabled=&#8221;off&#8221; button_two_bg_color__hover_enabled=&#8221;off&#8221;][\/et_pb_button][\/et_pb_column][et_pb_column type=&#8221;1_2&#8243; _builder_version=&#8221;4.13.1&#8243; background_color=&#8221;#121212&#8243; use_background_color_gradient=&#8221;on&#8221; background_color_gradient_start=&#8221;rgba(18,18,18,0.5)&#8221; background_color_gradient_end=&#8221;#121212&#8243; background_color_gradient_overlays_image=&#8221;on&#8221; background_image=&#8221;http:\/\/cadoxa.fr\/CA271-OVH\/wp-content\/uploads\/2021\/12\/387274792-huge-scaled.jpeg&#8221; custom_padding=&#8221;100px||100px|&#8221; custom_padding_tablet=&#8221;60px||60px|&#8221; custom_padding_phone=&#8221;60px||60px|&#8221; custom_padding_last_edited=&#8221;on|desktop&#8221; global_colors_info=&#8221;{}&#8221; padding_tablet=&#8221;60px||60px|&#8221; padding_last_edited=&#8221;on|desktop&#8221; custom_padding__hover=&#8221;|||&#8221; padding_phone=&#8221;60px||60px|&#8221;][et_pb_image src=&#8221;http:\/\/cadoxa.fr\/CA271-OVH\/wp-content\/uploads\/2021\/12\/387274792-huge-scaled.jpeg&#8221; title_text=&#8221;Team,Job.,Photo,Young,Businessmans,Crew,Working,With,New,Startup&#8221; align_tablet=&#8221;center&#8221; align_phone=&#8221;center&#8221; align_last_edited=&#8221;on|desktop&#8221; _builder_version=&#8221;4.13.1&#8243; max_width=&#8221;600px&#8221; max_width_tablet=&#8221;&#8221; max_width_phone=&#8221;&#8221; max_width_last_edited=&#8221;on|desktop&#8221; custom_margin=&#8221;|||-8%&#8221; custom_margin_tablet=&#8221;60px|60px|60px|60px&#8221; custom_margin_phone=&#8221;&#8221; custom_margin_last_edited=&#8221;on|desktop&#8221; custom_padding=&#8221;|||&#8221; animation_style=&#8221;slide&#8221; animation_direction=&#8221;right&#8221; animation_intensity_slide=&#8221;4%&#8221; animation_starting_opacity=&#8221;50%&#8221; box_shadow_style=&#8221;preset3&#8243; box_shadow_blur=&#8221;80px&#8221; global_colors_info=&#8221;{}&#8221;][\/et_pb_image][\/et_pb_column][\/et_pb_row][\/et_pb_section]<\/p>\n","protected":false},"excerpt":{"rendered":"<p>Responsabilit\u00e9 Civile des Risques Sociaux (RCS) &nbsp; La responsabilit\u00e9 civile des risques sociaux couvre votre soci\u00e9t\u00e9 ainsi que de tous ses dirigeants, salari\u00e9s ou non et tous les employ\u00e9s dans le cadre de conflits sociaux. Discrimination, harc\u00e8lement moral et sexuel, licenciement sans cause r\u00e9elle et s\u00e9rieuse ou abusif sont le quotidien des conseils de prud\u2019hommes [&hellip;]<\/p>\n","protected":false},"author":3,"featured_media":0,"parent":0,"menu_order":0,"comment_status":"closed","ping_status":"closed","template":"","meta":{"_et_pb_use_builder":"on","_et_pb_old_content":"","_et_gb_content_width":"","footnotes":""},"_links":{"self":[{"href":"https:\/\/cadoxa.fr\/index.php\/wp-json\/wp\/v2\/pages\/159"}],"collection":[{"href":"https:\/\/cadoxa.fr\/index.php\/wp-json\/wp\/v2\/pages"}],"about":[{"href":"https:\/\/cadoxa.fr\/index.php\/wp-json\/wp\/v2\/types\/page"}],"author":[{"embeddable":true,"href":"https:\/\/cadoxa.fr\/index.php\/wp-json\/wp\/v2\/users\/3"}],"replies":[{"embeddable":true,"href":"https:\/\/cadoxa.fr\/index.php\/wp-json\/wp\/v2\/comments?post=159"}],"version-history":[{"count":12,"href":"https:\/\/cadoxa.fr\/index.php\/wp-json\/wp\/v2\/pages\/159\/revisions"}],"predecessor-version":[{"id":521,"href":"https:\/\/cadoxa.fr\/index.php\/wp-json\/wp\/v2\/pages\/159\/revisions\/521"}],"wp:attachment":[{"href":"https:\/\/cadoxa.fr\/index.php\/wp-json\/wp\/v2\/media?parent=159"}],"curies":[{"name":"wp","href":"https:\/\/api.w.org\/{rel}","templated":true}]}}