{"id":151,"date":"2021-12-07T21:51:47","date_gmt":"2021-12-07T20:51:47","guid":{"rendered":"http:\/\/cadoxa.fr\/CA271-OVH\/?page_id=151"},"modified":"2022-02-04T18:22:28","modified_gmt":"2022-02-04T17:22:28","slug":"rc-pollution","status":"publish","type":"page","link":"https:\/\/cadoxa.fr\/index.php\/rc-pollution\/","title":{"rendered":"RC Pollution"},"content":{"rendered":"<p>[et_pb_section fb_built=&#8221;1&#8243; admin_label=&#8221;Hero Section&#8221; _builder_version=&#8221;3.22&#8243; custom_padding=&#8221;0|0px|0px|0px&#8221; global_colors_info=&#8221;{}&#8221;][et_pb_row column_structure=&#8221;1_2,1_2&#8243; use_custom_gutter=&#8221;on&#8221; make_equal=&#8221;on&#8221; _builder_version=&#8221;4.13.1&#8243; width=&#8221;100%&#8221; max_width=&#8221;100%&#8221; custom_padding=&#8221;0px|0|0px|&#8221; use_custom_width=&#8221;on&#8221; width_unit=&#8221;off&#8221; custom_width_percent=&#8221;100%&#8221; global_colors_info=&#8221;{}&#8221;][et_pb_column type=&#8221;1_2&#8243; _builder_version=&#8221;3.25&#8243; custom_padding=&#8221;200px|4%|200px|8%&#8221; custom_padding_tablet=&#8221;60px|10%|60px|10%&#8221; custom_padding_phone=&#8221;60px|10%|60px|10%&#8221; custom_padding_last_edited=&#8221;on|tablet&#8221; global_colors_info=&#8221;{}&#8221; padding_tablet=&#8221;60px|10%|60px|10%&#8221; padding_last_edited=&#8221;on|tablet&#8221; custom_padding__hover=&#8221;|||&#8221; padding_phone=&#8221;60px|10%|60px|10%&#8221;][et_pb_text _builder_version=&#8221;4.13.1&#8243; text_font=&#8221;Karla||||||||&#8221; text_font_size=&#8221;18px&#8221; text_line_height=&#8221;1.8em&#8221; header_font=&#8221;Cormorant Garamond||||||||&#8221; header_font_size=&#8221;56px&#8221; header_line_height=&#8221;1.4em&#8221; header_2_font=&#8221;||||||||&#8221; header_3_font=&#8221;||||||||&#8221; max_width=&#8221;600px&#8221; header_font_size_tablet=&#8221;40px&#8221; header_font_size_phone=&#8221;&#8221; header_font_size_last_edited=&#8221;on|tablet&#8221; locked=&#8221;off&#8221; global_colors_info=&#8221;{}&#8221;]<\/p>\n<h1>RC Pollution<\/h1>\n<p>&nbsp;<\/p>\n<p class=\"p1\" style=\"text-align: justify;\"><b>L\u2019environnement est un enjeu majeur de notre \u00e9poque et la l\u00e9gitime prise de conscience concernant la protection de notre plan\u00e8te impacte naturellement l\u2019\u00e9volution de la l\u00e9gislation.<span class=\"Apple-converted-space\">\u00a0<\/span><\/b><\/p>\n<p class=\"p1\" style=\"text-align: justify;\">Cette derni\u00e8re ne cesse d\u2019\u00e9voluer et surtout de se durcir. Pourtant certaines activit\u00e9s peuvent \u00eatre \u00e0 l\u2019origine d\u2019une pollution accidentelle. Or, Il est important de pr\u00e9ciser que les entreprises sont consid\u00e9r\u00e9es responsables pour tous les dommages mat\u00e9riels, corporels et\/ou immat\u00e9riels r\u00e9sultant d\u2019une atteinte \u00e0 l\u2019environnement du fait de leurs activit\u00e9s.<\/p>\n<p class=\"p1\" style=\"text-align: justify;\">Une pollution peut \u00eatre d\u2019origine \u00ab\u00a0soudaine et accidentelle\u00a0\u00bb, \u00ab\u00a0graduelle\u00a0\u00bb ou constituer la cause \u00ab\u00a0d\u2019une nuisance\u00a0\u00bb.<\/p>\n<p class=\"p1\" style=\"text-align: justify;\">Dans ces cas de figure,<span class=\"Apple-converted-space\">\u00a0 <\/span>les entreprises incrimin\u00e9es doivent <strong>assumer l\u2019ensemble des mesures n\u00e9cessaires<\/strong> pour traiter l\u2019origine du dommage et elles sont \u00e9galement tenues d\u2019<strong>indemniser financi\u00e8rement les l\u00e9s\u00e9s<\/strong> afin qu\u2019ils puissent r\u00e9parer les pr\u00e9judices subis. Inutile de pr\u00e9ciser que ces montants peuvent mettre tr\u00e8s rapidement en p\u00e9ril les entreprises concern\u00e9es.<span class=\"Apple-converted-space\">\u00a0<\/span><\/p>\n<p class=\"p2\" style=\"text-align: justify;\"><b><\/b><\/p>\n<p class=\"p1\" style=\"text-align: justify;\"><b>Cadoxa Assurances <\/b>vous fournit une solution globale couvrant \u00e0 la fois\u00a0:<\/p>\n<ul class=\"ul1\">\n<li class=\"li1\" style=\"text-align: justify;\"><span class=\"s1\"><\/span>Votre Responsabilit\u00e9 Civile Atteinte \u00e0 l\u2019environnement, (Cela prend en charge les cons\u00e9quences p\u00e9cuniaires li\u00e9es aux dommages caus\u00e9s aux tiers)<\/li>\n<li class=\"li1\" style=\"text-align: justify;\"><span class=\"s1\"><\/span>Votre Responsabilit\u00e9 Environnementale, (Ce pan couvre les pertes p\u00e9cuniaires cons\u00e9cutives \u00e0 la mise en cause de votre responsabilit\u00e9 sur demande de l\u2019autorit\u00e9 administrative comp\u00e9tente r\u00e9sultant de dommages environnementaux)<\/li>\n<li class=\"li1\" style=\"text-align: justify;\">Les frais de d\u00e9pollution de votre site. En effet cette d\u00e9pollution est obligatoire et peut s\u2019av\u00e9rer couteuse.<span class=\"Apple-converted-space\">\u00a0<\/span><\/li>\n<li class=\"li1\" style=\"text-align: justify;\">Les frais de pr\u00e9vention de dommages garantis.<\/li>\n<li class=\"li1\" style=\"text-align: justify;\">Votre D\u00e9fense p\u00e9nale et les recours \u00e9ventuels car les proc\u00e9dures peuvent \u00eatre complexes, longues et venir impacter fortement votre tr\u00e9sorerie<\/li>\n<\/ul>\n<p>[\/et_pb_text][et_pb_button button_url=&#8221;@ET-DC@eyJkeW5hbWljIjp0cnVlLCJjb250ZW50IjoicG9zdF9saW5rX3VybF9wYWdlIiwic2V0dGluZ3MiOnsicG9zdF9pZCI6Ijg3In19@&#8221; button_text=&#8221;Nous contacter&#8221; _builder_version=&#8221;4.13.1&#8243; _dynamic_attributes=&#8221;button_url&#8221; custom_button=&#8221;on&#8221; button_text_size=&#8221;13px&#8221; button_text_color=&#8221;#ffffff&#8221; button_bg_color=&#8221;#1c92a2&#8243; button_border_width=&#8221;2px&#8221; button_border_color=&#8221;#c2ab92&#8243; button_border_radius=&#8221;0px&#8221; button_letter_spacing=&#8221;2px&#8221; button_font=&#8221;Karla|700||on|||||&#8221; background_layout=&#8221;dark&#8221; custom_padding=&#8221;10px||10px|&#8221; button_letter_spacing_hover=&#8221;2px&#8221; locked=&#8221;off&#8221; global_colors_info=&#8221;{}&#8221; button_text_size__hover_enabled=&#8221;off&#8221; button_one_text_size__hover_enabled=&#8221;off&#8221; button_two_text_size__hover_enabled=&#8221;off&#8221; button_text_color__hover_enabled=&#8221;off&#8221; button_one_text_color__hover_enabled=&#8221;off&#8221; button_two_text_color__hover_enabled=&#8221;off&#8221; button_border_width__hover_enabled=&#8221;off&#8221; button_one_border_width__hover_enabled=&#8221;off&#8221; button_two_border_width__hover_enabled=&#8221;off&#8221; button_border_color__hover_enabled=&#8221;off&#8221; button_one_border_color__hover_enabled=&#8221;off&#8221; button_two_border_color__hover_enabled=&#8221;off&#8221; button_border_radius__hover_enabled=&#8221;off&#8221; button_one_border_radius__hover_enabled=&#8221;off&#8221; button_two_border_radius__hover_enabled=&#8221;off&#8221; button_letter_spacing__hover_enabled=&#8221;on&#8221; button_letter_spacing__hover=&#8221;2px&#8221; button_one_letter_spacing__hover_enabled=&#8221;off&#8221; button_two_letter_spacing__hover_enabled=&#8221;off&#8221; button_bg_color__hover_enabled=&#8221;off&#8221; button_one_bg_color__hover_enabled=&#8221;off&#8221; button_two_bg_color__hover_enabled=&#8221;off&#8221;][\/et_pb_button][\/et_pb_column][et_pb_column type=&#8221;1_2&#8243; _builder_version=&#8221;4.13.1&#8243; background_color=&#8221;#121212&#8243; use_background_color_gradient=&#8221;on&#8221; background_color_gradient_start=&#8221;rgba(18,18,18,0.5)&#8221; background_color_gradient_end=&#8221;#121212&#8243; background_color_gradient_overlays_image=&#8221;on&#8221; background_image=&#8221;http:\/\/cadoxa.fr\/CA271-OVH\/wp-content\/uploads\/2021\/12\/environmental-protection-g174db0144_1280.jpeg&#8221; custom_padding=&#8221;100px||100px|&#8221; custom_padding_tablet=&#8221;60px||60px|&#8221; custom_padding_phone=&#8221;60px||60px|&#8221; custom_padding_last_edited=&#8221;on|desktop&#8221; global_colors_info=&#8221;{}&#8221; padding_tablet=&#8221;60px||60px|&#8221; padding_last_edited=&#8221;on|desktop&#8221; custom_padding__hover=&#8221;|||&#8221; padding_phone=&#8221;60px||60px|&#8221;][et_pb_image src=&#8221;http:\/\/cadoxa.fr\/CA271-OVH\/wp-content\/uploads\/2021\/12\/environmental-protection-g174db0144_1280.jpeg&#8221; title_text=&#8221;environmental-protection-g174db0144_1280&#8243; align_tablet=&#8221;center&#8221; align_phone=&#8221;center&#8221; align_last_edited=&#8221;on|desktop&#8221; _builder_version=&#8221;4.13.1&#8243; max_width=&#8221;600px&#8221; max_width_tablet=&#8221;&#8221; max_width_phone=&#8221;&#8221; max_width_last_edited=&#8221;on|desktop&#8221; custom_margin=&#8221;|||-8%&#8221; custom_margin_tablet=&#8221;60px|60px|60px|60px&#8221; custom_margin_phone=&#8221;&#8221; custom_margin_last_edited=&#8221;on|desktop&#8221; custom_padding=&#8221;|||&#8221; animation_style=&#8221;slide&#8221; animation_direction=&#8221;right&#8221; animation_intensity_slide=&#8221;4%&#8221; animation_starting_opacity=&#8221;50%&#8221; box_shadow_style=&#8221;preset3&#8243; box_shadow_blur=&#8221;80px&#8221; global_colors_info=&#8221;{}&#8221;][\/et_pb_image][\/et_pb_column][\/et_pb_row][\/et_pb_section]<\/p>\n","protected":false},"excerpt":{"rendered":"<p>RC Pollution &nbsp; L\u2019environnement est un enjeu majeur de notre \u00e9poque et la l\u00e9gitime prise de conscience concernant la protection de notre plan\u00e8te impacte naturellement l\u2019\u00e9volution de la l\u00e9gislation.\u00a0 Cette derni\u00e8re ne cesse d\u2019\u00e9voluer et surtout de se durcir. Pourtant certaines activit\u00e9s peuvent \u00eatre \u00e0 l\u2019origine d\u2019une pollution accidentelle. Or, Il est important de pr\u00e9ciser [&hellip;]<\/p>\n","protected":false},"author":3,"featured_media":0,"parent":0,"menu_order":0,"comment_status":"closed","ping_status":"closed","template":"","meta":{"_et_pb_use_builder":"on","_et_pb_old_content":"","_et_gb_content_width":"","footnotes":""},"_links":{"self":[{"href":"https:\/\/cadoxa.fr\/index.php\/wp-json\/wp\/v2\/pages\/151"}],"collection":[{"href":"https:\/\/cadoxa.fr\/index.php\/wp-json\/wp\/v2\/pages"}],"about":[{"href":"https:\/\/cadoxa.fr\/index.php\/wp-json\/wp\/v2\/types\/page"}],"author":[{"embeddable":true,"href":"https:\/\/cadoxa.fr\/index.php\/wp-json\/wp\/v2\/users\/3"}],"replies":[{"embeddable":true,"href":"https:\/\/cadoxa.fr\/index.php\/wp-json\/wp\/v2\/comments?post=151"}],"version-history":[{"count":5,"href":"https:\/\/cadoxa.fr\/index.php\/wp-json\/wp\/v2\/pages\/151\/revisions"}],"predecessor-version":[{"id":516,"href":"https:\/\/cadoxa.fr\/index.php\/wp-json\/wp\/v2\/pages\/151\/revisions\/516"}],"wp:attachment":[{"href":"https:\/\/cadoxa.fr\/index.php\/wp-json\/wp\/v2\/media?parent=151"}],"curies":[{"name":"wp","href":"https:\/\/api.w.org\/{rel}","templated":true}]}}