{"id":139,"date":"2021-12-07T21:40:43","date_gmt":"2021-12-07T20:40:43","guid":{"rendered":"http:\/\/cadoxa.fr\/CA271-OVH\/?page_id=139"},"modified":"2022-02-04T18:19:52","modified_gmt":"2022-02-04T17:19:52","slug":"rc-mandataires-sociaux","status":"publish","type":"page","link":"https:\/\/cadoxa.fr\/index.php\/rc-mandataires-sociaux\/","title":{"rendered":"RC Mandataires Sociaux"},"content":{"rendered":"<p>[et_pb_section fb_built=&#8221;1&#8243; admin_label=&#8221;Hero Section&#8221; _builder_version=&#8221;3.22&#8243; custom_padding=&#8221;0|0px|0px|0px&#8221; global_colors_info=&#8221;{}&#8221;][et_pb_row column_structure=&#8221;1_2,1_2&#8243; use_custom_gutter=&#8221;on&#8221; make_equal=&#8221;on&#8221; _builder_version=&#8221;4.13.1&#8243; width=&#8221;100%&#8221; max_width=&#8221;100%&#8221; custom_padding=&#8221;0px|0|0px|&#8221; use_custom_width=&#8221;on&#8221; width_unit=&#8221;off&#8221; custom_width_percent=&#8221;100%&#8221; global_colors_info=&#8221;{}&#8221;][et_pb_column type=&#8221;1_2&#8243; _builder_version=&#8221;3.25&#8243; custom_padding=&#8221;200px|4%|200px|8%&#8221; custom_padding_tablet=&#8221;60px|10%|60px|10%&#8221; custom_padding_phone=&#8221;60px|10%|60px|10%&#8221; custom_padding_last_edited=&#8221;on|tablet&#8221; global_colors_info=&#8221;{}&#8221; padding_tablet=&#8221;60px|10%|60px|10%&#8221; padding_last_edited=&#8221;on|tablet&#8221; custom_padding__hover=&#8221;|||&#8221; padding_phone=&#8221;60px|10%|60px|10%&#8221;][et_pb_text _builder_version=&#8221;4.13.1&#8243; text_font=&#8221;Karla||||||||&#8221; text_font_size=&#8221;18px&#8221; text_line_height=&#8221;1.8em&#8221; header_font=&#8221;Cormorant Garamond||||||||&#8221; header_font_size=&#8221;56px&#8221; header_line_height=&#8221;1.4em&#8221; header_2_font=&#8221;||||||||&#8221; header_3_font=&#8221;||||||||&#8221; max_width=&#8221;600px&#8221; header_font_size_tablet=&#8221;40px&#8221; header_font_size_phone=&#8221;&#8221; header_font_size_last_edited=&#8221;on|tablet&#8221; locked=&#8221;off&#8221; global_colors_info=&#8221;{}&#8221;]<\/p>\n<h1><\/h1>\n<h1>RC Mandataires Sociaux (RCMS)<\/h1>\n<p>&nbsp;<\/p>\n<p class=\"p1\" style=\"text-align: justify;\">Les Dirigeants des Petites et Moyennes Entreprises sont anim\u00e9s plus qu\u2019ailleurs par des valeurs d\u2019engagement, d\u2019initiative, d\u2019implication. Ces hommes et ces femmes, au sein d\u2019entit\u00e9s souples et r\u00e9actives \u00e9voluent dans un monde o\u00f9 la prise de risque fait partie du quotidien.<\/p>\n<p class=\"p1\" style=\"text-align: justify;\">Vous savez que diriger une entreprise, c\u2019est faire des choix, prendre des d\u00e9cisions\u2026<\/p>\n<p class=\"p1\" style=\"text-align: justify;\">Mais saviez-vous que cela signifie aussi <strong>exposer son patrimoine personnel.<\/strong> Quelles cons\u00e9quences pour vous et votre famille ?<\/p>\n<p class=\"p1\" style=\"text-align: justify;\">Qu\u2019il s\u2019agisse de <strong>dirigeants de droit<\/strong> ou de dirigeants de fait, toute personne physique reconnue <strong>Dirigeant de fait<\/strong> par un Tribunal, ou toute personne physique recherch\u00e9e pour une faute commise dans le cadre d\u2019une activit\u00e9 de direction, gestion ou supervision, exerc\u00e9e avec ou sans mandat, avec ou sans d\u00e9l\u00e9gation de pouvoir.<\/p>\n<p class=\"p2\" style=\"text-align: justify;\"><b>Que peut-on vous reprocher ? <\/b><\/p>\n<p class=\"p2\" style=\"text-align: justify;\">&#8211; <strong>Tout manquement aux obligations<\/strong> l\u00e9gales, r\u00e9glementaires ou statutaires. <span class=\"s1\">Exemples<\/span>: manquements \u00e0 une obligation d\u2019hygi\u00e8ne et s\u00e9curit\u00e9, accident du travail, d\u00e9lit d\u2019entrave, concurrence d\u00e9loyale, emploi de main d\u2019\u0153uvre illicite, non-respect de la r\u00e9glementation environnementale, d\u00e9passement d\u2019autorit\u00e9, conflit d\u2019int\u00e9r\u00eat&#8230;<\/p>\n<p class=\"p1\" style=\"text-align: justify;\">&#8211; <strong>Toute faute de gestion<\/strong> commise par imprudence ou n\u00e9gligence, par omission, par erreur, par d\u00e9claration inexacte et, en g\u00e9n\u00e9ral tout acte fautif. Exemple: action en insuffisance d\u2019actifs, d\u00e9claration tardive de la cessation de paiement, publication tardive des comptes, infractions fiscales ou douani\u00e8res, fraude, politique de r\u00e9mun\u00e9ration des dirigeants.<\/p>\n<p class=\"p2\" style=\"text-align: justify;\"><b>Cadoxa Assurances <\/b>vous accompagne\u00a0 pour garantir la prise en charge des frais de d\u00e9fense et des cons\u00e9quences p\u00e9cuniaires du dirigeant (personne physique) et de l&#8217;entreprise (personne morale).<\/p>\n<p class=\"p2\" style=\"text-align: justify;\">\n<p>[\/et_pb_text][et_pb_button button_url=&#8221;@ET-DC@eyJkeW5hbWljIjp0cnVlLCJjb250ZW50IjoicG9zdF9saW5rX3VybF9wYWdlIiwic2V0dGluZ3MiOnsicG9zdF9pZCI6Ijg3In19@&#8221; button_text=&#8221;Nous contacter&#8221; _builder_version=&#8221;4.13.1&#8243; _dynamic_attributes=&#8221;button_url&#8221; custom_button=&#8221;on&#8221; button_text_size=&#8221;13px&#8221; button_text_color=&#8221;#ffffff&#8221; button_bg_color=&#8221;#1c92a2&#8243; button_border_width=&#8221;2px&#8221; button_border_color=&#8221;#c2ab92&#8243; button_border_radius=&#8221;0px&#8221; button_letter_spacing=&#8221;2px&#8221; button_font=&#8221;Karla|700||on|||||&#8221; background_layout=&#8221;dark&#8221; custom_padding=&#8221;10px||10px|&#8221; button_letter_spacing_hover=&#8221;2px&#8221; locked=&#8221;off&#8221; global_colors_info=&#8221;{}&#8221; button_text_size__hover_enabled=&#8221;off&#8221; button_one_text_size__hover_enabled=&#8221;off&#8221; button_two_text_size__hover_enabled=&#8221;off&#8221; button_text_color__hover_enabled=&#8221;off&#8221; button_one_text_color__hover_enabled=&#8221;off&#8221; button_two_text_color__hover_enabled=&#8221;off&#8221; button_border_width__hover_enabled=&#8221;off&#8221; button_one_border_width__hover_enabled=&#8221;off&#8221; button_two_border_width__hover_enabled=&#8221;off&#8221; button_border_color__hover_enabled=&#8221;off&#8221; button_one_border_color__hover_enabled=&#8221;off&#8221; button_two_border_color__hover_enabled=&#8221;off&#8221; button_border_radius__hover_enabled=&#8221;off&#8221; button_one_border_radius__hover_enabled=&#8221;off&#8221; button_two_border_radius__hover_enabled=&#8221;off&#8221; button_letter_spacing__hover_enabled=&#8221;on&#8221; button_letter_spacing__hover=&#8221;2px&#8221; button_one_letter_spacing__hover_enabled=&#8221;off&#8221; button_two_letter_spacing__hover_enabled=&#8221;off&#8221; button_bg_color__hover_enabled=&#8221;off&#8221; button_one_bg_color__hover_enabled=&#8221;off&#8221; button_two_bg_color__hover_enabled=&#8221;off&#8221;][\/et_pb_button][\/et_pb_column][et_pb_column type=&#8221;1_2&#8243; _builder_version=&#8221;4.13.1&#8243; background_color=&#8221;#121212&#8243; use_background_color_gradient=&#8221;on&#8221; background_color_gradient_start=&#8221;rgba(18,18,18,0.5)&#8221; background_color_gradient_end=&#8221;#121212&#8243; background_color_gradient_overlays_image=&#8221;on&#8221; background_image=&#8221;http:\/\/cadoxa.fr\/CA271-OVH\/wp-content\/uploads\/2021\/12\/shutterstock_583591807-scaled.jpeg&#8221; custom_padding=&#8221;100px||100px|&#8221; custom_padding_tablet=&#8221;60px||60px|&#8221; custom_padding_phone=&#8221;60px||60px|&#8221; custom_padding_last_edited=&#8221;on|desktop&#8221; global_colors_info=&#8221;{}&#8221; padding_tablet=&#8221;60px||60px|&#8221; padding_last_edited=&#8221;on|desktop&#8221; custom_padding__hover=&#8221;|||&#8221; padding_phone=&#8221;60px||60px|&#8221;][et_pb_image src=&#8221;http:\/\/cadoxa.fr\/CA271-OVH\/wp-content\/uploads\/2021\/12\/shutterstock_583591807-scaled.jpeg&#8221; title_text=&#8221;Successful,Team.,Group,Of,Young,Business,People,Working,And,Communicating&#8221; align_tablet=&#8221;center&#8221; align_phone=&#8221;center&#8221; align_last_edited=&#8221;on|desktop&#8221; _builder_version=&#8221;4.13.1&#8243; max_width=&#8221;600px&#8221; max_width_tablet=&#8221;&#8221; max_width_phone=&#8221;&#8221; max_width_last_edited=&#8221;on|desktop&#8221; custom_margin=&#8221;|||-8%&#8221; custom_margin_tablet=&#8221;60px|60px|60px|60px&#8221; custom_margin_phone=&#8221;&#8221; custom_margin_last_edited=&#8221;on|desktop&#8221; custom_padding=&#8221;|||&#8221; animation_style=&#8221;slide&#8221; animation_direction=&#8221;right&#8221; animation_intensity_slide=&#8221;4%&#8221; animation_starting_opacity=&#8221;50%&#8221; box_shadow_style=&#8221;preset3&#8243; box_shadow_blur=&#8221;80px&#8221; global_colors_info=&#8221;{}&#8221;][\/et_pb_image][\/et_pb_column][\/et_pb_row][\/et_pb_section]<\/p>\n","protected":false},"excerpt":{"rendered":"<p>RC Mandataires Sociaux (RCMS) &nbsp; Les Dirigeants des Petites et Moyennes Entreprises sont anim\u00e9s plus qu\u2019ailleurs par des valeurs d\u2019engagement, d\u2019initiative, d\u2019implication. Ces hommes et ces femmes, au sein d\u2019entit\u00e9s souples et r\u00e9actives \u00e9voluent dans un monde o\u00f9 la prise de risque fait partie du quotidien. Vous savez que diriger une entreprise, c\u2019est faire des [&hellip;]<\/p>\n","protected":false},"author":3,"featured_media":0,"parent":0,"menu_order":0,"comment_status":"closed","ping_status":"closed","template":"","meta":{"_et_pb_use_builder":"on","_et_pb_old_content":"","_et_gb_content_width":"","footnotes":""},"_links":{"self":[{"href":"https:\/\/cadoxa.fr\/index.php\/wp-json\/wp\/v2\/pages\/139"}],"collection":[{"href":"https:\/\/cadoxa.fr\/index.php\/wp-json\/wp\/v2\/pages"}],"about":[{"href":"https:\/\/cadoxa.fr\/index.php\/wp-json\/wp\/v2\/types\/page"}],"author":[{"embeddable":true,"href":"https:\/\/cadoxa.fr\/index.php\/wp-json\/wp\/v2\/users\/3"}],"replies":[{"embeddable":true,"href":"https:\/\/cadoxa.fr\/index.php\/wp-json\/wp\/v2\/comments?post=139"}],"version-history":[{"count":15,"href":"https:\/\/cadoxa.fr\/index.php\/wp-json\/wp\/v2\/pages\/139\/revisions"}],"predecessor-version":[{"id":514,"href":"https:\/\/cadoxa.fr\/index.php\/wp-json\/wp\/v2\/pages\/139\/revisions\/514"}],"wp:attachment":[{"href":"https:\/\/cadoxa.fr\/index.php\/wp-json\/wp\/v2\/media?parent=139"}],"curies":[{"name":"wp","href":"https:\/\/api.w.org\/{rel}","templated":true}]}}