{"id":117,"date":"2021-12-02T12:34:46","date_gmt":"2021-12-02T11:34:46","guid":{"rendered":"http:\/\/cadoxa.fr\/CA271-OVH\/?page_id=117"},"modified":"2022-01-21T17:01:09","modified_gmt":"2022-01-21T16:01:09","slug":"cybersecurite","status":"publish","type":"page","link":"https:\/\/cadoxa.fr\/index.php\/cybersecurite\/","title":{"rendered":"Cybers\u00e9curit\u00e9"},"content":{"rendered":"<p>[et_pb_section fb_built=&#8221;1&#8243; admin_label=&#8221;Hero Section&#8221; _builder_version=&#8221;3.22&#8243; custom_padding=&#8221;0|0px|0px|0px&#8221; global_colors_info=&#8221;{}&#8221;][et_pb_row column_structure=&#8221;1_2,1_2&#8243; use_custom_gutter=&#8221;on&#8221; make_equal=&#8221;on&#8221; _builder_version=&#8221;4.13.1&#8243; width=&#8221;100%&#8221; max_width=&#8221;100%&#8221; custom_padding=&#8221;0px|0|0px|&#8221; use_custom_width=&#8221;on&#8221; width_unit=&#8221;off&#8221; custom_width_percent=&#8221;100%&#8221; global_colors_info=&#8221;{}&#8221;][et_pb_column type=&#8221;1_2&#8243; _builder_version=&#8221;3.25&#8243; custom_padding=&#8221;200px|4%|200px|8%&#8221; custom_padding_tablet=&#8221;60px|10%|60px|10%&#8221; custom_padding_phone=&#8221;60px|10%|60px|10%&#8221; custom_padding_last_edited=&#8221;on|tablet&#8221; global_colors_info=&#8221;{}&#8221; padding_tablet=&#8221;60px|10%|60px|10%&#8221; padding_last_edited=&#8221;on|tablet&#8221; custom_padding__hover=&#8221;|||&#8221; padding_phone=&#8221;60px|10%|60px|10%&#8221;][et_pb_text _builder_version=&#8221;4.13.1&#8243; text_font=&#8221;Karla||||||||&#8221; text_font_size=&#8221;18px&#8221; text_line_height=&#8221;1.8em&#8221; header_font=&#8221;Cormorant Garamond||||||||&#8221; header_font_size=&#8221;56px&#8221; header_line_height=&#8221;1.4em&#8221; header_2_font=&#8221;||||||||&#8221; header_3_font=&#8221;||||||||&#8221; max_width=&#8221;600px&#8221; header_font_size_tablet=&#8221;40px&#8221; header_font_size_phone=&#8221;&#8221; header_font_size_last_edited=&#8221;on|tablet&#8221; locked=&#8221;off&#8221; global_colors_info=&#8221;{}&#8221;]<\/p>\n<h1>Cybers\u00e9curit\u00e9<\/h1>\n<p>&nbsp;<\/p>\n<p class=\"p1\" style=\"text-align: justify;\">Le monde dans lequel nous vivons n\u2019en finit plus de se digitaliser. Les avantages de cette digitalisation sont certains. Toutefois il convient de ne pas p\u00eacher par ang\u00e9lisme car <strong>les risques cybers sont devenus une r\u00e9alit\u00e9 incontournable<\/strong> a mesure que notre d\u00e9pendance \u00e0 l\u2019informatique est devenue totale.<span class=\"Apple-converted-space\">\u00a0<\/span><\/p>\n<p class=\"p1\" style=\"text-align: justify;\">Les Cyber-Attaques peuvent \u00eatre de diff\u00e9rentes natures et de diff\u00e9rentes ampleurs . <strong>Les virus, les vols de donn\u00e9es, le ran\u00e7onnage (ransomware), le cyber espionnage<\/strong>\u2026 sont devenus les dangers de plus en plus importants qui peuvent nuire gravement \u00e0 l\u2019activit\u00e9 de votre entreprise, mais aussi \u00e0 son image.<\/p>\n<p class=\"p1\" style=\"text-align: justify;\">L\u2019assurance CyberRisques ou CyberS\u00e9curit\u00e9 devient donc indispensable pour prot\u00e9ger votre r\u00e9seau, votre activit\u00e9 et votre r\u00e9putation.<span class=\"Apple-converted-space\">\u00a0<\/span><\/p>\n<p class=\"p1\" style=\"text-align: justify;\"><b>CADOXA Assurances<\/b>, en partenariat avec les acteurs principaux du march\u00e9, vous propose des solutions adapt\u00e9es \u00e0 votre exposition aux risques informatiques et \u00e9tabli la meilleure offre pour vous prot\u00e9ger efficacement.<span class=\"Apple-converted-space\">\u00a0<\/span><\/p>\n<p class=\"p1\" style=\"text-align: justify;\">Nos points forts\u00a0:<\/p>\n<ul class=\"ul1\">\n<li class=\"li1\" style=\"text-align: justify;\"><b>Gestion de crise\u00a0:<\/b> une assistance 24H \/ 24H et 7j\/7 avec des experts en s\u00e9curit\u00e9 afin de mettre en place les mesures d\u2019urgence qui s\u2019imposent,<\/li>\n<li class=\"li1\" style=\"text-align: justify;\"><b>Alt\u00e9ration de vos donn\u00e9es\u00a0:<\/b> prise en charge des frais et d\u00e9penses juridiques, d\u2019expert informatique, d\u2019atteinte \u00e0 la r\u00e9putation, de restauration des donn\u00e9es, de notification\u2026.<\/li>\n<li class=\"li1\" style=\"text-align: justify;\"><b>Indemnisation des pertes financi\u00e8res subies <\/b>en cas d\u2019enqu\u00eate et\/ou d\u2019une sanction administrative, de cyber extorsion, de pertes d\u2019exploitation ou de frais suppl\u00e9mentaires d\u2019exploitation,<\/li>\n<li class=\"li1\" style=\"text-align: justify;\"><b>Responsabilit\u00e9 Civile\u00a0: <\/b>dommages subis par des tiers du fait de l\u2019atteinte \u00e0 la s\u00e9curit\u00e9 du syst\u00e8me informatique, du manquement \u00e0 l\u2019obligation de notification, des sous-traitants\u2026<\/li>\n<\/ul>\n<p>[\/et_pb_text][et_pb_button button_url=&#8221;@ET-DC@eyJkeW5hbWljIjp0cnVlLCJjb250ZW50IjoicG9zdF9saW5rX3VybF9wYWdlIiwic2V0dGluZ3MiOnsicG9zdF9pZCI6Ijg3In19@&#8221; button_text=&#8221;Nous contacter&#8221; _builder_version=&#8221;4.13.1&#8243; _dynamic_attributes=&#8221;button_url&#8221; custom_button=&#8221;on&#8221; button_text_size=&#8221;13px&#8221; button_text_color=&#8221;#ffffff&#8221; button_bg_color=&#8221;#1c92a2&#8243; button_border_width=&#8221;2px&#8221; button_border_color=&#8221;#c2ab92&#8243; button_border_radius=&#8221;0px&#8221; button_letter_spacing=&#8221;2px&#8221; button_font=&#8221;Karla|700||on|||||&#8221; background_layout=&#8221;dark&#8221; custom_padding=&#8221;10px||10px|&#8221; button_letter_spacing_hover=&#8221;2px&#8221; locked=&#8221;off&#8221; global_colors_info=&#8221;{}&#8221; button_text_size__hover_enabled=&#8221;off&#8221; button_one_text_size__hover_enabled=&#8221;off&#8221; button_two_text_size__hover_enabled=&#8221;off&#8221; button_text_color__hover_enabled=&#8221;off&#8221; button_one_text_color__hover_enabled=&#8221;off&#8221; button_two_text_color__hover_enabled=&#8221;off&#8221; button_border_width__hover_enabled=&#8221;off&#8221; button_one_border_width__hover_enabled=&#8221;off&#8221; button_two_border_width__hover_enabled=&#8221;off&#8221; button_border_color__hover_enabled=&#8221;off&#8221; button_one_border_color__hover_enabled=&#8221;off&#8221; button_two_border_color__hover_enabled=&#8221;off&#8221; button_border_radius__hover_enabled=&#8221;off&#8221; button_one_border_radius__hover_enabled=&#8221;off&#8221; button_two_border_radius__hover_enabled=&#8221;off&#8221; button_letter_spacing__hover_enabled=&#8221;on&#8221; button_letter_spacing__hover=&#8221;2px&#8221; button_one_letter_spacing__hover_enabled=&#8221;off&#8221; button_two_letter_spacing__hover_enabled=&#8221;off&#8221; button_bg_color__hover_enabled=&#8221;off&#8221; button_one_bg_color__hover_enabled=&#8221;off&#8221; button_two_bg_color__hover_enabled=&#8221;off&#8221;][\/et_pb_button][\/et_pb_column][et_pb_column type=&#8221;1_2&#8243; _builder_version=&#8221;4.13.1&#8243; background_color=&#8221;#121212&#8243; use_background_color_gradient=&#8221;on&#8221; background_color_gradient_start=&#8221;rgba(18,18,18,0.5)&#8221; background_color_gradient_end=&#8221;#121212&#8243; background_color_gradient_overlays_image=&#8221;on&#8221; background_image=&#8221;http:\/\/cadoxa.fr\/CA271-OVH\/wp-content\/uploads\/2021\/12\/shutterstock_1669180291-scaled.jpeg&#8221; custom_padding=&#8221;100px||100px|&#8221; custom_padding_tablet=&#8221;60px||60px|&#8221; custom_padding_phone=&#8221;60px||60px|&#8221; custom_padding_last_edited=&#8221;on|desktop&#8221; global_colors_info=&#8221;{}&#8221; padding_tablet=&#8221;60px||60px|&#8221; padding_last_edited=&#8221;on|desktop&#8221; custom_padding__hover=&#8221;|||&#8221; padding_phone=&#8221;60px||60px|&#8221;][et_pb_image src=&#8221;http:\/\/cadoxa.fr\/CA271-OVH\/wp-content\/uploads\/2021\/12\/shutterstock_1669180291-scaled.jpeg&#8221; title_text=&#8221;Security,Theme,With,A,Man,On,Blurred,City,Background&#8221; align_tablet=&#8221;center&#8221; align_phone=&#8221;center&#8221; align_last_edited=&#8221;on|desktop&#8221; _builder_version=&#8221;4.13.1&#8243; max_width=&#8221;600px&#8221; max_width_tablet=&#8221;&#8221; max_width_phone=&#8221;&#8221; max_width_last_edited=&#8221;on|desktop&#8221; custom_margin=&#8221;|||-8%&#8221; custom_margin_tablet=&#8221;60px|60px|60px|60px&#8221; custom_margin_phone=&#8221;&#8221; custom_margin_last_edited=&#8221;on|desktop&#8221; custom_padding=&#8221;|||&#8221; animation_style=&#8221;slide&#8221; animation_direction=&#8221;right&#8221; animation_intensity_slide=&#8221;4%&#8221; animation_starting_opacity=&#8221;50%&#8221; box_shadow_style=&#8221;preset3&#8243; box_shadow_blur=&#8221;80px&#8221; global_colors_info=&#8221;{}&#8221;][\/et_pb_image][\/et_pb_column][\/et_pb_row][\/et_pb_section]<\/p>\n","protected":false},"excerpt":{"rendered":"<p>Cybers\u00e9curit\u00e9 &nbsp; Le monde dans lequel nous vivons n\u2019en finit plus de se digitaliser. Les avantages de cette digitalisation sont certains. Toutefois il convient de ne pas p\u00eacher par ang\u00e9lisme car les risques cybers sont devenus une r\u00e9alit\u00e9 incontournable a mesure que notre d\u00e9pendance \u00e0 l\u2019informatique est devenue totale.\u00a0 Les Cyber-Attaques peuvent \u00eatre de diff\u00e9rentes [&hellip;]<\/p>\n","protected":false},"author":1,"featured_media":0,"parent":0,"menu_order":0,"comment_status":"closed","ping_status":"closed","template":"","meta":{"_et_pb_use_builder":"on","_et_pb_old_content":"","_et_gb_content_width":"","footnotes":""},"_links":{"self":[{"href":"https:\/\/cadoxa.fr\/index.php\/wp-json\/wp\/v2\/pages\/117"}],"collection":[{"href":"https:\/\/cadoxa.fr\/index.php\/wp-json\/wp\/v2\/pages"}],"about":[{"href":"https:\/\/cadoxa.fr\/index.php\/wp-json\/wp\/v2\/types\/page"}],"author":[{"embeddable":true,"href":"https:\/\/cadoxa.fr\/index.php\/wp-json\/wp\/v2\/users\/1"}],"replies":[{"embeddable":true,"href":"https:\/\/cadoxa.fr\/index.php\/wp-json\/wp\/v2\/comments?post=117"}],"version-history":[{"count":7,"href":"https:\/\/cadoxa.fr\/index.php\/wp-json\/wp\/v2\/pages\/117\/revisions"}],"predecessor-version":[{"id":349,"href":"https:\/\/cadoxa.fr\/index.php\/wp-json\/wp\/v2\/pages\/117\/revisions\/349"}],"wp:attachment":[{"href":"https:\/\/cadoxa.fr\/index.php\/wp-json\/wp\/v2\/media?parent=117"}],"curies":[{"name":"wp","href":"https:\/\/api.w.org\/{rel}","templated":true}]}}