{"id":106,"date":"2021-12-02T12:18:40","date_gmt":"2021-12-02T11:18:40","guid":{"rendered":"http:\/\/cadoxa.fr\/CA271-OVH\/?page_id=106"},"modified":"2022-02-07T11:13:05","modified_gmt":"2022-02-07T10:13:05","slug":"multirisques-industrielles-ou-professionelles","status":"publish","type":"page","link":"https:\/\/cadoxa.fr\/index.php\/multirisques-industrielles-ou-professionelles\/","title":{"rendered":"Multirisques Industrielles ou Professionelles"},"content":{"rendered":"<p>[et_pb_section fb_built=&#8221;1&#8243; admin_label=&#8221;Hero Section&#8221; _builder_version=&#8221;3.22&#8243; custom_padding=&#8221;0|0px|0px|0px&#8221; global_colors_info=&#8221;{}&#8221;][et_pb_row column_structure=&#8221;1_2,1_2&#8243; use_custom_gutter=&#8221;on&#8221; make_equal=&#8221;on&#8221; _builder_version=&#8221;4.13.1&#8243; width=&#8221;100%&#8221; max_width=&#8221;100%&#8221; custom_padding=&#8221;0px|0|0px|&#8221; use_custom_width=&#8221;on&#8221; width_unit=&#8221;off&#8221; custom_width_percent=&#8221;100%&#8221; global_colors_info=&#8221;{}&#8221;][et_pb_column type=&#8221;1_2&#8243; _builder_version=&#8221;3.25&#8243; custom_padding=&#8221;200px|4%|200px|8%&#8221; custom_padding_tablet=&#8221;60px|10%|60px|10%&#8221; custom_padding_phone=&#8221;60px|10%|60px|10%&#8221; custom_padding_last_edited=&#8221;on|tablet&#8221; global_colors_info=&#8221;{}&#8221; padding_tablet=&#8221;60px|10%|60px|10%&#8221; padding_last_edited=&#8221;on|tablet&#8221; custom_padding__hover=&#8221;|||&#8221; padding_phone=&#8221;60px|10%|60px|10%&#8221;][et_pb_text _builder_version=&#8221;4.13.1&#8243; text_font=&#8221;Karla||||||||&#8221; text_font_size=&#8221;18px&#8221; text_line_height=&#8221;1.8em&#8221; header_font=&#8221;Cormorant Garamond||||||||&#8221; header_font_size=&#8221;56px&#8221; header_line_height=&#8221;1.4em&#8221; header_2_font=&#8221;||||||||&#8221; header_3_font=&#8221;||||||||&#8221; max_width=&#8221;600px&#8221; header_font_size_tablet=&#8221;40px&#8221; header_font_size_phone=&#8221;&#8221; header_font_size_last_edited=&#8221;on|tablet&#8221; locked=&#8221;off&#8221; global_colors_info=&#8221;{}&#8221;]<\/p>\n<h1>Multirisque Industrielle et Professionnelle<\/h1>\n<p>&nbsp;<\/p>\n<p class=\"p1\" style=\"text-align: justify;\">Une entreprise est quotidiennement expos\u00e9e \u00e0 un certain nombre de risques qui peuvent varier selon le secteur d\u2019activit\u00e9. Comme son nom l\u2019indique, <strong>l&#8217;assurance multirisque<\/strong> couvre un large spectre des risques encourus.<span class=\"Apple-converted-space\">\u00a0<\/span><\/p>\n<p class=\"p1\" style=\"text-align: justify;\">Elle garantit \u00e0 la fois les biens (b\u00e2timents, mat\u00e9riels, marchandises et mobiliers) et les risques financiers cons\u00e9cutifs en cas de sinistres garantis. <strong>C\u2019est l&#8217;assurance vie d\u2019une PME<\/strong>.<span class=\"Apple-converted-space\">\u00a0<\/span><\/p>\n<p class=\"p3\" style=\"text-align: justify;\">Au chapitre des sinistres couverts par une multirisque figurent les risques: incendie, temp\u00eate, gr\u00eale, neige, catastrophes naturelles et technologiques, d\u00e9g\u00e2t des eaux, vol, actes de vandalisme, bris de glaces, dommages \u00e9lectriques, bris de machines, assistance&#8230;<\/p>\n<p class=\"p3\" style=\"text-align: justify;\">Mais une multirisque couvre aussi les \u00e9ventuels d\u00e9sagr\u00e9ments de nature \u00e0 affecter la tr\u00e9sorerie de l\u2019entreprise en cas de survenance d\u2019un sinistre dommage aux biens garanti.<span class=\"Apple-converted-space\">\u00a0 <\/span>Cette couverture s\u2019op\u00e8re par le biais des garanties pertes d\u2019exploitation ou frais suppl\u00e9mentaires et les pertes de valeur v\u00e9nale du fonds de commerce.<\/p>\n<p class=\"p4\" style=\"text-align: justify;\">Un contrat multirisque s\u2019av\u00e8re donc essentiel<span class=\"Apple-converted-space\">\u00a0 <\/span>pour prot\u00e9ger votre outil de travail en cas de dommages mat\u00e9riels. Il vous garantit la remise en \u00e9tat des d\u00e9sordres subis en vous assistant financi\u00e8rement afin que votre activit\u00e9 puisse perdurer en cas de coup dur.<\/p>\n<p class=\"p3\" style=\"text-align: justify;\">Pour cela, <b>CADOXA Assurances<\/b> vous accompagne pour d\u00e9finir les garanties n\u00e9cessaires afin de prot\u00e9ger votre outil de travail. Pour chaque site, nous r\u00e9alisons, toujours et avec vous, une visite de risques. Ce qui nous permet d\u2019\u00e9valuer vos risques (pr\u00e9vention) et vos besoins (garanties). A la suite de cette visite et de nos \u00e9changes, nous serons en mesure de vous formuler une offre personnalis\u00e9e et comp\u00e9titive.<\/p>\n<p>[\/et_pb_text][et_pb_button button_url=&#8221;@ET-DC@eyJkeW5hbWljIjp0cnVlLCJjb250ZW50IjoicG9zdF9saW5rX3VybF9wYWdlIiwic2V0dGluZ3MiOnsicG9zdF9pZCI6Ijg3In19@&#8221; button_text=&#8221;Nous contacter&#8221; _builder_version=&#8221;4.13.1&#8243; _dynamic_attributes=&#8221;button_url&#8221; custom_button=&#8221;on&#8221; button_text_size=&#8221;13px&#8221; button_text_color=&#8221;#ffffff&#8221; button_bg_color=&#8221;#1c92a2&#8243; button_border_width=&#8221;2px&#8221; button_border_color=&#8221;#c2ab92&#8243; button_border_radius=&#8221;0px&#8221; button_letter_spacing=&#8221;2px&#8221; button_font=&#8221;Karla|700||on|||||&#8221; background_layout=&#8221;dark&#8221; custom_padding=&#8221;10px||10px|&#8221; button_letter_spacing_hover=&#8221;2px&#8221; locked=&#8221;off&#8221; global_colors_info=&#8221;{}&#8221; button_text_size__hover_enabled=&#8221;off&#8221; button_one_text_size__hover_enabled=&#8221;off&#8221; button_two_text_size__hover_enabled=&#8221;off&#8221; button_text_color__hover_enabled=&#8221;off&#8221; button_one_text_color__hover_enabled=&#8221;off&#8221; button_two_text_color__hover_enabled=&#8221;off&#8221; button_border_width__hover_enabled=&#8221;off&#8221; button_one_border_width__hover_enabled=&#8221;off&#8221; button_two_border_width__hover_enabled=&#8221;off&#8221; button_border_color__hover_enabled=&#8221;off&#8221; button_one_border_color__hover_enabled=&#8221;off&#8221; button_two_border_color__hover_enabled=&#8221;off&#8221; button_border_radius__hover_enabled=&#8221;off&#8221; button_one_border_radius__hover_enabled=&#8221;off&#8221; button_two_border_radius__hover_enabled=&#8221;off&#8221; button_letter_spacing__hover_enabled=&#8221;on&#8221; button_letter_spacing__hover=&#8221;2px&#8221; button_one_letter_spacing__hover_enabled=&#8221;off&#8221; button_two_letter_spacing__hover_enabled=&#8221;off&#8221; button_bg_color__hover_enabled=&#8221;off&#8221; button_one_bg_color__hover_enabled=&#8221;off&#8221; button_two_bg_color__hover_enabled=&#8221;off&#8221;][\/et_pb_button][\/et_pb_column][et_pb_column type=&#8221;1_2&#8243; _builder_version=&#8221;4.13.1&#8243; background_color=&#8221;#121212&#8243; use_background_color_gradient=&#8221;on&#8221; background_color_gradient_start=&#8221;rgba(18,18,18,0.5)&#8221; background_color_gradient_end=&#8221;#121212&#8243; background_color_gradient_overlays_image=&#8221;on&#8221; background_image=&#8221;http:\/\/cadoxa.fr\/CA271-OVH\/wp-content\/uploads\/2021\/12\/shutterstock_790663192-scaled.jpeg&#8221; custom_padding=&#8221;100px||100px|&#8221; custom_padding_tablet=&#8221;60px||60px|&#8221; custom_padding_phone=&#8221;60px||60px|&#8221; custom_padding_last_edited=&#8221;on|desktop&#8221; global_colors_info=&#8221;{}&#8221; padding_tablet=&#8221;60px||60px|&#8221; padding_last_edited=&#8221;on|desktop&#8221; custom_padding__hover=&#8221;|||&#8221; padding_phone=&#8221;60px||60px|&#8221;][et_pb_image src=&#8221;http:\/\/cadoxa.fr\/CA271-OVH\/wp-content\/uploads\/2021\/12\/shutterstock_790663192-scaled.jpeg&#8221; title_text=&#8221;Production,And,Assembly,Of,Microelectronics,In,A,Hi-tech,Factory,-&#8221; align_tablet=&#8221;center&#8221; align_phone=&#8221;center&#8221; align_last_edited=&#8221;on|desktop&#8221; _builder_version=&#8221;4.13.1&#8243; max_width=&#8221;600px&#8221; max_width_tablet=&#8221;&#8221; max_width_phone=&#8221;&#8221; max_width_last_edited=&#8221;on|desktop&#8221; custom_margin=&#8221;|||-8%&#8221; custom_margin_tablet=&#8221;60px|60px|60px|60px&#8221; custom_margin_phone=&#8221;&#8221; custom_margin_last_edited=&#8221;on|desktop&#8221; custom_padding=&#8221;|||&#8221; animation_style=&#8221;slide&#8221; animation_direction=&#8221;right&#8221; animation_intensity_slide=&#8221;4%&#8221; animation_starting_opacity=&#8221;50%&#8221; box_shadow_style=&#8221;preset3&#8243; box_shadow_blur=&#8221;80px&#8221; global_colors_info=&#8221;{}&#8221;][\/et_pb_image][\/et_pb_column][\/et_pb_row][\/et_pb_section]<\/p>\n","protected":false},"excerpt":{"rendered":"<p>Multirisque Industrielle et Professionnelle &nbsp; Une entreprise est quotidiennement expos\u00e9e \u00e0 un certain nombre de risques qui peuvent varier selon le secteur d\u2019activit\u00e9. Comme son nom l\u2019indique, l&#8217;assurance multirisque couvre un large spectre des risques encourus.\u00a0 Elle garantit \u00e0 la fois les biens (b\u00e2timents, mat\u00e9riels, marchandises et mobiliers) et les risques financiers cons\u00e9cutifs en cas [&hellip;]<\/p>\n","protected":false},"author":1,"featured_media":0,"parent":0,"menu_order":0,"comment_status":"closed","ping_status":"closed","template":"","meta":{"_et_pb_use_builder":"on","_et_pb_old_content":"","_et_gb_content_width":"","footnotes":""},"_links":{"self":[{"href":"https:\/\/cadoxa.fr\/index.php\/wp-json\/wp\/v2\/pages\/106"}],"collection":[{"href":"https:\/\/cadoxa.fr\/index.php\/wp-json\/wp\/v2\/pages"}],"about":[{"href":"https:\/\/cadoxa.fr\/index.php\/wp-json\/wp\/v2\/types\/page"}],"author":[{"embeddable":true,"href":"https:\/\/cadoxa.fr\/index.php\/wp-json\/wp\/v2\/users\/1"}],"replies":[{"embeddable":true,"href":"https:\/\/cadoxa.fr\/index.php\/wp-json\/wp\/v2\/comments?post=106"}],"version-history":[{"count":6,"href":"https:\/\/cadoxa.fr\/index.php\/wp-json\/wp\/v2\/pages\/106\/revisions"}],"predecessor-version":[{"id":544,"href":"https:\/\/cadoxa.fr\/index.php\/wp-json\/wp\/v2\/pages\/106\/revisions\/544"}],"wp:attachment":[{"href":"https:\/\/cadoxa.fr\/index.php\/wp-json\/wp\/v2\/media?parent=106"}],"curies":[{"name":"wp","href":"https:\/\/api.w.org\/{rel}","templated":true}]}}